{"id":617,"date":"2025-02-28T10:53:56","date_gmt":"2025-02-28T10:53:56","guid":{"rendered":"https:\/\/xstore.8theme.com\/elementor3\/painting-studio\/?post_type=product&#038;p=617"},"modified":"2026-02-24T16:54:12","modified_gmt":"2026-02-24T16:54:12","slug":"excepteur-sint-occaecat","status":"publish","type":"product","link":"https:\/\/dev.fdartgallery.com\/?product=excepteur-sint-occaecat","title":{"rendered":"&#8216;Love London&#8217;"},"content":{"rendered":"<p>\u201cLove in London\u201d \u2013 Zamana Kar\u015f\u0131 Bir Sar\u0131l\u0131\u015f<br \/>\nKarl\u0131 bir Londra gecesi\u2026 K\u0131rm\u0131z\u0131 telefon kul\u00fcbesinin i\u00e7inde d\u00fcnyadan izole olmu\u015f iki \u00e2\u015f\u0131k. Arka planda saat kulesinin silueti, zaman\u0131n akmaya devam etti\u011fini hat\u0131rlat\u0131rken; bu sar\u0131l\u0131\u015f an\u0131 zaman\u0131 durduruyor. So\u011fuk mavi tonlar\u0131n aras\u0131ndan y\u00fckselen s\u0131cak k\u0131rm\u0131z\u0131, tutkunun ve \u00f6zlemin g\u00fc\u00e7l\u00fc bir sembol\u00fc.<br \/>\nBu eser; kavu\u015fmay\u0131, romantizmi ve \u201cb\u00fct\u00fcn d\u00fcnya dursa da biz buraday\u0131z\u201d duygusunu anlat\u0131r. Hem nostaljik hem modern bir atmosfer sunar. \u0130zleyene hik\u00e2ye hissettirir.<br \/>\nNerede Kullanabilirsiniz?<br \/>\n* Yatak odas\u0131nda romantik ve duygusal bir vurgu par\u00e7as\u0131 olarak<br \/>\n* Salonlarda koltuk \u00fcst\u00fc ana odak noktas\u0131 olarak<br \/>\n* Yeni evli \u00e7iftler i\u00e7in anlaml\u0131 bir hediye alternatifi<br \/>\n* Kafe, butik otel veya konsept mek\u00e2nlarda ambiyans g\u00fc\u00e7lendirici tablo<br \/>\n* Gen\u00e7 ve modern dekorasyona sahip evlerde enerjik bir k\u0131rm\u0131z\u0131 dokunu\u015f olarak<br \/>\nBu tablo yaln\u0131zca bir \u015fehir manzaras\u0131 de\u011fil; a\u015fk\u0131n zamana meydan okuyan halidir. Mek\u00e2na hem s\u0131cakl\u0131k hem hik\u00e2ye katar.<\/p>\n<p>70x100cm<\/p>\n<p>&nbsp;<\/p>\n<p><strong>Londra&#8217;n\u0131n b\u00fcy\u00fcs\u00fcn\u00fc duvarlar\u0131n\u0131za ta\u015f\u0131y\u0131n!<\/strong>\u00a0Karl\u0131 bir k\u0131\u015f ak\u015fam\u0131nda ikonik Big Ben kulesi ve nostaljik k\u0131rm\u0131z\u0131 telefon kul\u00fcbesi&#8230; Bu romantik sahne, seyahat tutkunlar\u0131 ve \u0130ngiliz k\u00fclt\u00fcr\u00fc hayranlar\u0131 i\u00e7in vazge\u00e7ilmez bir sanat eseri.<\/p>\n<p>&nbsp;<\/p>\n","protected":false},"excerpt":{"rendered":"<p>\u2728\u00a0<strong>\u00d6ne \u00c7\u0131kan \u00d6zellikler:<\/strong>\u00a0Kar taneleriyle s\u00fcslenmi\u015f atmosferik kompozisyon, detayl\u0131 mimari i\u015f\u00e7ilik, nostaljik Londra simgeleri. Mekan \u00e7iftlerinin duygusal anlar\u0131n\u0131 yans\u0131tan sahneleme.<\/p>\n<p>\ud83c\udfaf\u00a0<strong>Hedef Alan:<\/strong>\u00a0Seyahat severler, \u0130ngiliz k\u00fclt\u00fcr\u00fc hayranlar\u0131, cafe ve restoran dekorasyonu, romantik mekan tasar\u0131mlar\u0131<\/p>\n<p>\u00d6l\u00e7\u00fc:80*100cm<\/p>\n","protected":false},"featured_media":1322,"comment_status":"open","ping_status":"closed","template":"","meta":[],"etheme_brands":[{"term_id":51,"name":"Hilal Sel\u00e7uk","slug":"hilal-selcuk","term_group":0,"term_taxonomy_id":51,"taxonomy":"brand","description":"","parent":0,"count":13,"filter":"raw"}],"product_brand":[],"product_cat":[58,22],"product_tag":[],"class_list":{"0":"post-617","1":"product","2":"type-product","3":"status-publish","4":"has-post-thumbnail","6":"brand-hilal-selcuk","7":"product_cat-figuratif","8":"product_cat-acrylic","10":"first","11":"instock","12":"shipping-taxable","13":"purchasable","14":"product-type-simple"},"jetpack_sharing_enabled":true,"_links":{"self":[{"href":"https:\/\/dev.fdartgallery.com\/index.php?rest_route=\/wp\/v2\/product\/617","targetHints":{"allow":["GET"]}}],"collection":[{"href":"https:\/\/dev.fdartgallery.com\/index.php?rest_route=\/wp\/v2\/product"}],"about":[{"href":"https:\/\/dev.fdartgallery.com\/index.php?rest_route=\/wp\/v2\/types\/product"}],"replies":[{"embeddable":true,"href":"https:\/\/dev.fdartgallery.com\/index.php?rest_route=%2Fwp%2Fv2%2Fcomments&post=617"}],"version-history":[{"count":6,"href":"https:\/\/dev.fdartgallery.com\/index.php?rest_route=\/wp\/v2\/product\/617\/revisions"}],"predecessor-version":[{"id":1787,"href":"https:\/\/dev.fdartgallery.com\/index.php?rest_route=\/wp\/v2\/product\/617\/revisions\/1787"}],"wp:featuredmedia":[{"embeddable":true,"href":"https:\/\/dev.fdartgallery.com\/index.php?rest_route=\/wp\/v2\/media\/1322"}],"wp:attachment":[{"href":"https:\/\/dev.fdartgallery.com\/index.php?rest_route=%2Fwp%2Fv2%2Fmedia&parent=617"}],"wp:term":[{"taxonomy":"brand","embeddable":true,"href":"https:\/\/dev.fdartgallery.com\/index.php?rest_route=%2Fwp%2Fv2%2Fetheme_brands&post=617"},{"taxonomy":"product_brand","embeddable":true,"href":"https:\/\/dev.fdartgallery.com\/index.php?rest_route=%2Fwp%2Fv2%2Fproduct_brand&post=617"},{"taxonomy":"product_cat","embeddable":true,"href":"https:\/\/dev.fdartgallery.com\/index.php?rest_route=%2Fwp%2Fv2%2Fproduct_cat&post=617"},{"taxonomy":"product_tag","embeddable":true,"href":"https:\/\/dev.fdartgallery.com\/index.php?rest_route=%2Fwp%2Fv2%2Fproduct_tag&post=617"}],"curies":[{"name":"wp","href":"https:\/\/api.w.org\/{rel}","templated":true}]}}