{"id":616,"date":"2025-02-28T10:53:54","date_gmt":"2025-02-28T10:53:54","guid":{"rendered":"https:\/\/xstore.8theme.com\/elementor3\/painting-studio\/?post_type=product&#038;p=616"},"modified":"2026-02-21T21:23:52","modified_gmt":"2026-02-21T21:23:52","slug":"duis-aute-irure-dolor","status":"publish","type":"product","link":"https:\/\/dev.fdartgallery.com\/?product=duis-aute-irure-dolor","title":{"rendered":"&#8216;Cam Effect&#8217;"},"content":{"rendered":"<p><strong>Sanat\u0131n ve ger\u00e7ekli\u011fin s\u0131n\u0131rlar\u0131n\u0131 zorlay\u0131n!<\/strong> Bu hiperrealizm karakalem \u00e7al\u0131\u015fmas\u0131, suyun ak\u0131\u015fkanl\u0131\u011f\u0131n\u0131 ve cam\u0131n saydaml\u0131\u011f\u0131n\u0131 kusursuz bir \u015fekilde yans\u0131t\u0131yor. Her ayr\u0131nt\u0131, b\u00fcy\u00fck bir ustal\u0131kla i\u015flenmi\u015f.Mutfa\u011f\u0131n\u0131za zarafet katacak bir detay!<\/p>\n<p>25x35cm<\/p>\n","protected":false},"excerpt":{"rendered":"<p>\u2728\u00a0<strong>\u00d6ne \u00c7\u0131kan \u00d6zellikler:<\/strong>\u00a0Detayl\u0131 su kabarc\u0131\u011f\u0131 dokuslar\u0131, kusursuz g\u00f6lge-\u0131\u015f\u0131k ge\u00e7i\u015fleri, fotografik ger\u00e7eklik seviyesi. Minimalist sanat anlay\u0131\u015f\u0131n\u0131n en iyi \u00f6rne\u011fi.<\/p>\n<p>\ud83c\udfaf\u00a0<strong>Hedef Alan:<\/strong>\u00a0Minimalist dekorasyon, modern ofisler, sanat koleksiyonerleri, \u00e7a\u011fda\u015f mekan tasar\u0131mlar\u0131<\/p>\n<p>\u00d6l\u00e7\u00fc:25*35cm<\/p>\n","protected":false},"featured_media":1324,"comment_status":"open","ping_status":"closed","template":"","meta":[],"etheme_brands":[{"term_id":51,"name":"Hilal Sel\u00e7uk","slug":"hilal-selcuk","term_group":0,"term_taxonomy_id":51,"taxonomy":"brand","description":"","parent":0,"count":13,"filter":"raw"}],"product_brand":[],"product_cat":[40],"product_tag":[],"class_list":{"0":"post-616","1":"product","2":"type-product","3":"status-publish","4":"has-post-thumbnail","6":"brand-hilal-selcuk","7":"product_cat-sketching","9":"first","10":"instock","11":"shipping-taxable","12":"purchasable","13":"product-type-simple"},"jetpack_sharing_enabled":true,"_links":{"self":[{"href":"https:\/\/dev.fdartgallery.com\/index.php?rest_route=\/wp\/v2\/product\/616","targetHints":{"allow":["GET"]}}],"collection":[{"href":"https:\/\/dev.fdartgallery.com\/index.php?rest_route=\/wp\/v2\/product"}],"about":[{"href":"https:\/\/dev.fdartgallery.com\/index.php?rest_route=\/wp\/v2\/types\/product"}],"replies":[{"embeddable":true,"href":"https:\/\/dev.fdartgallery.com\/index.php?rest_route=%2Fwp%2Fv2%2Fcomments&post=616"}],"version-history":[{"count":4,"href":"https:\/\/dev.fdartgallery.com\/index.php?rest_route=\/wp\/v2\/product\/616\/revisions"}],"predecessor-version":[{"id":1789,"href":"https:\/\/dev.fdartgallery.com\/index.php?rest_route=\/wp\/v2\/product\/616\/revisions\/1789"}],"wp:featuredmedia":[{"embeddable":true,"href":"https:\/\/dev.fdartgallery.com\/index.php?rest_route=\/wp\/v2\/media\/1324"}],"wp:attachment":[{"href":"https:\/\/dev.fdartgallery.com\/index.php?rest_route=%2Fwp%2Fv2%2Fmedia&parent=616"}],"wp:term":[{"taxonomy":"brand","embeddable":true,"href":"https:\/\/dev.fdartgallery.com\/index.php?rest_route=%2Fwp%2Fv2%2Fetheme_brands&post=616"},{"taxonomy":"product_brand","embeddable":true,"href":"https:\/\/dev.fdartgallery.com\/index.php?rest_route=%2Fwp%2Fv2%2Fproduct_brand&post=616"},{"taxonomy":"product_cat","embeddable":true,"href":"https:\/\/dev.fdartgallery.com\/index.php?rest_route=%2Fwp%2Fv2%2Fproduct_cat&post=616"},{"taxonomy":"product_tag","embeddable":true,"href":"https:\/\/dev.fdartgallery.com\/index.php?rest_route=%2Fwp%2Fv2%2Fproduct_tag&post=616"}],"curies":[{"name":"wp","href":"https:\/\/api.w.org\/{rel}","templated":true}]}}