{"id":615,"date":"2025-02-28T10:53:53","date_gmt":"2025-02-28T10:53:53","guid":{"rendered":"https:\/\/xstore.8theme.com\/elementor3\/painting-studio\/?post_type=product&#038;p=615"},"modified":"2026-02-21T21:26:09","modified_gmt":"2026-02-21T21:26:09","slug":"silent-water-reflection","status":"publish","type":"product","link":"https:\/\/dev.fdartgallery.com\/?product=silent-water-reflection","title":{"rendered":"&#8216;Antika \u00c7aydanl\u0131k&#8217;"},"content":{"rendered":"<p><strong>Geleneksel zarafeti sanatla yakalay\u0131n!<\/strong> Osmanl\u0131 ve klasik d\u00f6nemleri an\u0131msatan bu g\u00f6rkemli g\u00fcm\u00fc\u015f \u00e7aydanl\u0131k \u00e7izimi, detayl\u0131 metal yans\u0131malar\u0131yla g\u00f6z kama\u015ft\u0131r\u0131yor. T\u00fcrk kahve k\u00fclt\u00fcr\u00fc ve antika severlerin mutfak duvar\u0131nda yerini alabilir.<\/p>\n<p>&nbsp;<\/p>\n","protected":false},"excerpt":{"rendered":"<p>\u2728\u00a0<strong>\u00d6ne \u00c7\u0131kan \u00d6zellikler:<\/strong>\u00a0Metal y\u00fczey yans\u0131malar\u0131, zarif k\u0131vr\u0131mlar ve s\u00fcslemeler, ustaca g\u00f6lgelendirme teknikleri. Klasik sanat e\u011fitiminin m\u00fckemmel bir \u00f6rne\u011fi.<\/p>\n<p>\ud83c\udfaf\u00a0<strong>Hedef Alan:<\/strong>\u00a0Geleneksel kahve evleri, antika ma\u011fazalar\u0131, klasik ev dekorasyonu, k\u00fclt\u00fcrel mekan tasar\u0131mlar\u0131<\/p>\n<p>\u00d6l\u00e7\u00fc:25*35cm<\/p>\n","protected":false},"featured_media":1327,"comment_status":"open","ping_status":"closed","template":"","meta":[],"etheme_brands":[{"term_id":51,"name":"Hilal Sel\u00e7uk","slug":"hilal-selcuk","term_group":0,"term_taxonomy_id":51,"taxonomy":"brand","description":"","parent":0,"count":13,"filter":"raw"}],"product_brand":[],"product_cat":[40],"product_tag":[],"class_list":{"0":"post-615","1":"product","2":"type-product","3":"status-publish","4":"has-post-thumbnail","6":"brand-hilal-selcuk","7":"product_cat-sketching","9":"first","10":"instock","11":"shipping-taxable","12":"purchasable","13":"product-type-simple"},"jetpack_sharing_enabled":true,"_links":{"self":[{"href":"https:\/\/dev.fdartgallery.com\/index.php?rest_route=\/wp\/v2\/product\/615","targetHints":{"allow":["GET"]}}],"collection":[{"href":"https:\/\/dev.fdartgallery.com\/index.php?rest_route=\/wp\/v2\/product"}],"about":[{"href":"https:\/\/dev.fdartgallery.com\/index.php?rest_route=\/wp\/v2\/types\/product"}],"replies":[{"embeddable":true,"href":"https:\/\/dev.fdartgallery.com\/index.php?rest_route=%2Fwp%2Fv2%2Fcomments&post=615"}],"version-history":[{"count":5,"href":"https:\/\/dev.fdartgallery.com\/index.php?rest_route=\/wp\/v2\/product\/615\/revisions"}],"predecessor-version":[{"id":1791,"href":"https:\/\/dev.fdartgallery.com\/index.php?rest_route=\/wp\/v2\/product\/615\/revisions\/1791"}],"wp:featuredmedia":[{"embeddable":true,"href":"https:\/\/dev.fdartgallery.com\/index.php?rest_route=\/wp\/v2\/media\/1327"}],"wp:attachment":[{"href":"https:\/\/dev.fdartgallery.com\/index.php?rest_route=%2Fwp%2Fv2%2Fmedia&parent=615"}],"wp:term":[{"taxonomy":"brand","embeddable":true,"href":"https:\/\/dev.fdartgallery.com\/index.php?rest_route=%2Fwp%2Fv2%2Fetheme_brands&post=615"},{"taxonomy":"product_brand","embeddable":true,"href":"https:\/\/dev.fdartgallery.com\/index.php?rest_route=%2Fwp%2Fv2%2Fproduct_brand&post=615"},{"taxonomy":"product_cat","embeddable":true,"href":"https:\/\/dev.fdartgallery.com\/index.php?rest_route=%2Fwp%2Fv2%2Fproduct_cat&post=615"},{"taxonomy":"product_tag","embeddable":true,"href":"https:\/\/dev.fdartgallery.com\/index.php?rest_route=%2Fwp%2Fv2%2Fproduct_tag&post=615"}],"curies":[{"name":"wp","href":"https:\/\/api.w.org\/{rel}","templated":true}]}}