{"id":1606,"date":"2026-02-12T20:16:10","date_gmt":"2026-02-12T20:16:10","guid":{"rendered":"https:\/\/fdartgallery.com\/?post_type=product&#038;p=1606"},"modified":"2026-02-12T20:16:44","modified_gmt":"2026-02-12T20:16:44","slug":"sonsuzluk-izleri","status":"publish","type":"product","link":"https:\/\/dev.fdartgallery.com\/?product=sonsuzluk-izleri","title":{"rendered":"Sonsuzluk \u0130zleri"},"content":{"rendered":"<p data-path-to-node=\"7\">Bu soyut kompozisyon, sanat\u00e7\u0131n\u0131n <b data-path-to-node=\"7\" data-index-in-node=\"33\">impasto ve kaz\u0131ma tekniklerini<\/b> bir arada kullanarak olu\u015fturdu\u011fu m\u00fcthi\u015f bir doku \u015f\u00f6lenidir. Tuval \u00fczerindeki a\u00e7\u0131k mavi ve beyaz ge\u00e7i\u015fler, u\u00e7suz bucaks\u0131z bir g\u00f6ky\u00fcz\u00fcn\u00fc veya dingin bir su y\u00fczeyini and\u0131r\u0131rken; diyagonal olarak uzanan alt\u0131n sar\u0131s\u0131 ve kahverengi yo\u011fun katmanlar, topra\u011f\u0131n ham enerjisini temsil ediyor.<\/p>\n<p data-path-to-node=\"8\">Eserdeki f\u0131r\u00e7a ve spatula darbeleri, kontroll\u00fc bir kaosun \u00fcr\u00fcn\u00fcd\u00fcr. Sanat\u00e7\u0131, boyay\u0131 sadece s\u00fcrmekle kalmam\u0131\u015f, ona fiziksel bir form vererek \u0131\u015f\u0131\u011f\u0131n her a\u00e7\u0131da farkl\u0131 bir g\u00f6lge oyunu yaratmas\u0131n\u0131 sa\u011flam\u0131\u015f. Bu par\u00e7a, serinin di\u011fer \u00fcyelerindeki somut nesne kavram\u0131n\u0131 y\u0131karak, izleyiciyi tamamen renklerin enerjisiyle kendi i\u00e7 d\u00fcnyas\u0131na bakmaya davet ediyor.<\/p>\n","protected":false},"excerpt":{"rendered":"<p>Modern bir mekan\u0131n ruhunu tek ba\u015f\u0131na de\u011fi\u015ftirebilecek kadar g\u00fc\u00e7l\u00fc bir ifade. Bu tablo, sadece bir renk kombinasyonu de\u011fil; her dokunu\u015funda farkl\u0131 bir hikaye bar\u0131nd\u0131ran ya\u015fayan bir katmanlar b\u00fct\u00fcn\u00fcd\u00fcr. Minimalist ama etkileyici bir odak noktas\u0131 arayan koleksiyonerler i\u00e7in bu soyut derinlik, zamans\u0131z bir yat\u0131r\u0131m niteli\u011finde.<\/p>\n<p>\u00d6l\u00e7\u00fc: 65* 65 cm<\/p>\n","protected":false},"featured_media":1552,"comment_status":"open","ping_status":"closed","template":"","meta":[],"etheme_brands":[{"term_id":54,"name":"Selin U\u00e7ar","slug":"selin-ucar","term_group":0,"term_taxonomy_id":54,"taxonomy":"brand","description":"","parent":0,"count":10,"filter":"raw"}],"product_brand":[],"product_cat":[15,22],"product_tag":[],"class_list":{"0":"post-1606","1":"product","2":"type-product","3":"status-publish","4":"has-post-thumbnail","6":"brand-selin-ucar","7":"product_cat-virtualart","8":"product_cat-acrylic","10":"first","11":"instock","12":"shipping-taxable","13":"purchasable","14":"product-type-simple"},"jetpack_sharing_enabled":true,"_links":{"self":[{"href":"https:\/\/dev.fdartgallery.com\/index.php?rest_route=\/wp\/v2\/product\/1606","targetHints":{"allow":["GET"]}}],"collection":[{"href":"https:\/\/dev.fdartgallery.com\/index.php?rest_route=\/wp\/v2\/product"}],"about":[{"href":"https:\/\/dev.fdartgallery.com\/index.php?rest_route=\/wp\/v2\/types\/product"}],"replies":[{"embeddable":true,"href":"https:\/\/dev.fdartgallery.com\/index.php?rest_route=%2Fwp%2Fv2%2Fcomments&post=1606"}],"version-history":[{"count":1,"href":"https:\/\/dev.fdartgallery.com\/index.php?rest_route=\/wp\/v2\/product\/1606\/revisions"}],"predecessor-version":[{"id":1607,"href":"https:\/\/dev.fdartgallery.com\/index.php?rest_route=\/wp\/v2\/product\/1606\/revisions\/1607"}],"wp:featuredmedia":[{"embeddable":true,"href":"https:\/\/dev.fdartgallery.com\/index.php?rest_route=\/wp\/v2\/media\/1552"}],"wp:attachment":[{"href":"https:\/\/dev.fdartgallery.com\/index.php?rest_route=%2Fwp%2Fv2%2Fmedia&parent=1606"}],"wp:term":[{"taxonomy":"brand","embeddable":true,"href":"https:\/\/dev.fdartgallery.com\/index.php?rest_route=%2Fwp%2Fv2%2Fetheme_brands&post=1606"},{"taxonomy":"product_brand","embeddable":true,"href":"https:\/\/dev.fdartgallery.com\/index.php?rest_route=%2Fwp%2Fv2%2Fproduct_brand&post=1606"},{"taxonomy":"product_cat","embeddable":true,"href":"https:\/\/dev.fdartgallery.com\/index.php?rest_route=%2Fwp%2Fv2%2Fproduct_cat&post=1606"},{"taxonomy":"product_tag","embeddable":true,"href":"https:\/\/dev.fdartgallery.com\/index.php?rest_route=%2Fwp%2Fv2%2Fproduct_tag&post=1606"}],"curies":[{"name":"wp","href":"https:\/\/api.w.org\/{rel}","templated":true}]}}