{"id":1604,"date":"2026-02-12T20:12:08","date_gmt":"2026-02-12T20:12:08","guid":{"rendered":"https:\/\/fdartgallery.com\/?post_type=product&#038;p=1604"},"modified":"2026-02-21T20:30:05","modified_gmt":"2026-02-21T20:30:05","slug":"1800ler","status":"publish","type":"product","link":"https:\/\/dev.fdartgallery.com\/?product=1800ler","title":{"rendered":"1800&#8217;lerde"},"content":{"rendered":"<p data-path-to-node=\"7\">Bu \u00e7al\u0131\u015fma, geleneksel sivil mimariyi ve do\u011fay\u0131 empresyonist bir duyarl\u0131l\u0131kla ele al\u0131yor. Sanat\u00e7\u0131, \u00f6n plandaki ulu a\u011fac\u0131 (muhtemelen as\u0131rl\u0131k bir \u00e7\u0131nar veya me\u015fe) kompozisyonun ana ta\u015f\u0131y\u0131c\u0131s\u0131 olarak kullanm\u0131\u015f. A\u011fac\u0131n g\u00f6vdesindeki \u0131\u015f\u0131k oyunlar\u0131 ve yapraklardaki serbest f\u0131r\u00e7a vuru\u015flar\u0131, esere canl\u0131 bir nefes kat\u0131yor.<\/p>\n<p data-path-to-node=\"8\">Arka planda g\u00f6r\u00fclen sar\u0131 boyal\u0131 geleneksel konak ve zarif minare, bize buran\u0131n bir Anadolu kasabas\u0131 oldu\u011funu f\u0131s\u0131ld\u0131yor. Sanat\u00e7\u0131, di\u011fer eserlerindeki yo\u011fun impasto (kabartmal\u0131 boya) yerine burada daha <b data-path-to-node=\"8\" data-index-in-node=\"201\">ak\u0131\u015fkan ve \u015feffaf<\/b> bir teknik tercih ederek, s\u0131cak bir iklimin puslu ama parlak \u0131\u015f\u0131\u011f\u0131n\u0131 ba\u015far\u0131yla yans\u0131tm\u0131\u015f. Pastel tonlar\u0131n hakimiyeti ve perspektif kullan\u0131m\u0131, izleyiciyi tablonun i\u00e7ine, o sakin sokaklara do\u011fru \u00e7ekiyor.<\/p>\n","protected":false},"excerpt":{"rendered":"<p>G\u00fcn\u00fcm\u00fczden uzakla\u015fmak ve 1800lere bir pencere a\u00e7mak i\u00e7in\u00a0 i\u00e7in sadece ba\u015f\u0131n\u0131z\u0131 kald\u0131rman\u0131z yeterli. Bu tablo, as\u0131ld\u0131\u011f\u0131 duvarda bir pencere a\u00e7arak sizi o\u00a0 d\u00f6neme huzurlu kasaba iklimine ta\u015f\u0131yacak. Klasik Anadolu ruhunu modern ve ferah bir f\u0131r\u00e7a yorumuyla evinde ya\u015fatmak isteyenler i\u00e7in ka\u00e7\u0131r\u0131lmayacak bir dinginlik kayna\u011f\u0131.<\/p>\n<p>60x70cm<\/p>\n","protected":false},"featured_media":1553,"comment_status":"open","ping_status":"closed","template":"","meta":[],"etheme_brands":[{"term_id":54,"name":"Selin U\u00e7ar","slug":"selin-ucar","term_group":0,"term_taxonomy_id":54,"taxonomy":"brand","description":"","parent":0,"count":10,"filter":"raw"}],"product_brand":[],"product_cat":[22],"product_tag":[],"class_list":{"0":"post-1604","1":"product","2":"type-product","3":"status-publish","4":"has-post-thumbnail","6":"brand-selin-ucar","7":"product_cat-acrylic","9":"first","10":"instock","11":"shipping-taxable","12":"purchasable","13":"product-type-simple"},"jetpack_sharing_enabled":true,"_links":{"self":[{"href":"https:\/\/dev.fdartgallery.com\/index.php?rest_route=\/wp\/v2\/product\/1604","targetHints":{"allow":["GET"]}}],"collection":[{"href":"https:\/\/dev.fdartgallery.com\/index.php?rest_route=\/wp\/v2\/product"}],"about":[{"href":"https:\/\/dev.fdartgallery.com\/index.php?rest_route=\/wp\/v2\/types\/product"}],"replies":[{"embeddable":true,"href":"https:\/\/dev.fdartgallery.com\/index.php?rest_route=%2Fwp%2Fv2%2Fcomments&post=1604"}],"version-history":[{"count":3,"href":"https:\/\/dev.fdartgallery.com\/index.php?rest_route=\/wp\/v2\/product\/1604\/revisions"}],"predecessor-version":[{"id":1764,"href":"https:\/\/dev.fdartgallery.com\/index.php?rest_route=\/wp\/v2\/product\/1604\/revisions\/1764"}],"wp:featuredmedia":[{"embeddable":true,"href":"https:\/\/dev.fdartgallery.com\/index.php?rest_route=\/wp\/v2\/media\/1553"}],"wp:attachment":[{"href":"https:\/\/dev.fdartgallery.com\/index.php?rest_route=%2Fwp%2Fv2%2Fmedia&parent=1604"}],"wp:term":[{"taxonomy":"brand","embeddable":true,"href":"https:\/\/dev.fdartgallery.com\/index.php?rest_route=%2Fwp%2Fv2%2Fetheme_brands&post=1604"},{"taxonomy":"product_brand","embeddable":true,"href":"https:\/\/dev.fdartgallery.com\/index.php?rest_route=%2Fwp%2Fv2%2Fproduct_brand&post=1604"},{"taxonomy":"product_cat","embeddable":true,"href":"https:\/\/dev.fdartgallery.com\/index.php?rest_route=%2Fwp%2Fv2%2Fproduct_cat&post=1604"},{"taxonomy":"product_tag","embeddable":true,"href":"https:\/\/dev.fdartgallery.com\/index.php?rest_route=%2Fwp%2Fv2%2Fproduct_tag&post=1604"}],"curies":[{"name":"wp","href":"https:\/\/api.w.org\/{rel}","templated":true}]}}