{"id":1602,"date":"2026-02-12T20:02:53","date_gmt":"2026-02-12T20:02:53","guid":{"rendered":"https:\/\/fdartgallery.com\/?post_type=product&#038;p=1602"},"modified":"2026-02-21T20:31:39","modified_gmt":"2026-02-21T20:31:39","slug":"mandalina","status":"publish","type":"product","link":"https:\/\/dev.fdartgallery.com\/?product=mandalina","title":{"rendered":"Mandalinalar"},"content":{"rendered":"<p data-path-to-node=\"7\">Bu ya\u011fl\u0131 boya \u00e7al\u0131\u015fma, izleyiciyi bir sabah\u0131n dinginli\u011fine ve sadeli\u011fine davet ediyor. Sanat\u00e7\u0131, beyaz porselen demli\u011fin p\u00fcr\u00fczs\u00fcz y\u00fczeyi ile mandalinalar\u0131n g\u00f6zenekli kabuk dokusu aras\u0131ndaki kontrast\u0131 m\u00fckemmel bir ustal\u0131kla i\u015flemi\u015f. Kompozisyonun en dikkat \u00e7ekici unsuru olan <b data-path-to-node=\"7\" data-index-in-node=\"274\">lacivert seramik kase<\/b>, mandalinalar\u0131n parlak turuncu tonlar\u0131n\u0131 (komplementer renk kullan\u0131m\u0131yla) adeta patlat\u0131yor.<\/p>\n<p data-path-to-node=\"8\">Masan\u0131n \u00fczerindeki dantel \u00f6rt\u00fcn\u00fcn ince detaylar\u0131 ve \u00f6rt\u00fcn\u00fcn sarkt\u0131\u011f\u0131 koyu mavi kuma\u015f \u00fczerindeki <b data-path-to-node=\"8\" data-index-in-node=\"96\">kar tanesi motifleri<\/b>, esere mevsimsel bir derinlik kat\u0131yor. I\u015f\u0131k sol taraftan yumu\u015fak bir \u015fekilde gelerek nesnelerin formunu belirginle\u015ftirirken, arka plandaki n\u00f6tr gri ge\u00e7i\u015fler bu yerel odak noktas\u0131na tam bir dinginlik sa\u011fl\u0131yor.<\/p>\n","protected":false},"excerpt":{"rendered":"<p data-path-to-node=\"11,0\">Bu tablo, mutfa\u011f\u0131n\u0131za veya ya\u015fam alan\u0131n\u0131za sadece bir sanat eseri de\u011fil, ayn\u0131 zamanda huzurlu bir k\u0131\u015f sabah\u0131n\u0131n o taze enerjisini getirecek. Dantelin zarafeti, porselenin asaletini ve meyvelerin canl\u0131l\u0131\u011f\u0131n\u0131 bir araya getiren bu kompozisyon, detaylara \u00f6nem veren ve sadelikteki \u015f\u0131kl\u0131\u011f\u0131 arayan se\u00e7ici koleksiyonerler i\u00e7in kusursuz bir tercih.<\/p>\n<p data-path-to-node=\"11,0\">\u00d6l\u00e7\u00fc: 35 * 50 cm<\/p>\n","protected":false},"featured_media":1554,"comment_status":"open","ping_status":"closed","template":"","meta":[],"etheme_brands":[],"product_brand":[],"product_cat":[22],"product_tag":[],"class_list":{"0":"post-1602","1":"product","2":"type-product","3":"status-publish","4":"has-post-thumbnail","6":"product_cat-acrylic","8":"first","9":"instock","10":"sale","11":"shipping-taxable","12":"purchasable","13":"product-type-simple"},"jetpack_sharing_enabled":true,"_links":{"self":[{"href":"https:\/\/dev.fdartgallery.com\/index.php?rest_route=\/wp\/v2\/product\/1602","targetHints":{"allow":["GET"]}}],"collection":[{"href":"https:\/\/dev.fdartgallery.com\/index.php?rest_route=\/wp\/v2\/product"}],"about":[{"href":"https:\/\/dev.fdartgallery.com\/index.php?rest_route=\/wp\/v2\/types\/product"}],"replies":[{"embeddable":true,"href":"https:\/\/dev.fdartgallery.com\/index.php?rest_route=%2Fwp%2Fv2%2Fcomments&post=1602"}],"version-history":[{"count":2,"href":"https:\/\/dev.fdartgallery.com\/index.php?rest_route=\/wp\/v2\/product\/1602\/revisions"}],"predecessor-version":[{"id":1765,"href":"https:\/\/dev.fdartgallery.com\/index.php?rest_route=\/wp\/v2\/product\/1602\/revisions\/1765"}],"wp:featuredmedia":[{"embeddable":true,"href":"https:\/\/dev.fdartgallery.com\/index.php?rest_route=\/wp\/v2\/media\/1554"}],"wp:attachment":[{"href":"https:\/\/dev.fdartgallery.com\/index.php?rest_route=%2Fwp%2Fv2%2Fmedia&parent=1602"}],"wp:term":[{"taxonomy":"brand","embeddable":true,"href":"https:\/\/dev.fdartgallery.com\/index.php?rest_route=%2Fwp%2Fv2%2Fetheme_brands&post=1602"},{"taxonomy":"product_brand","embeddable":true,"href":"https:\/\/dev.fdartgallery.com\/index.php?rest_route=%2Fwp%2Fv2%2Fproduct_brand&post=1602"},{"taxonomy":"product_cat","embeddable":true,"href":"https:\/\/dev.fdartgallery.com\/index.php?rest_route=%2Fwp%2Fv2%2Fproduct_cat&post=1602"},{"taxonomy":"product_tag","embeddable":true,"href":"https:\/\/dev.fdartgallery.com\/index.php?rest_route=%2Fwp%2Fv2%2Fproduct_tag&post=1602"}],"curies":[{"name":"wp","href":"https:\/\/api.w.org\/{rel}","templated":true}]}}