{"id":1600,"date":"2026-02-12T19:41:43","date_gmt":"2026-02-12T19:41:43","guid":{"rendered":"https:\/\/fdartgallery.com\/?post_type=product&#038;p=1600"},"modified":"2026-02-21T20:32:35","modified_gmt":"2026-02-21T20:32:35","slug":"gece-yarisi-hasadi","status":"publish","type":"product","link":"https:\/\/dev.fdartgallery.com\/?product=gece-yarisi-hasadi","title":{"rendered":"Naturmort"},"content":{"rendered":"<p data-path-to-node=\"7\">Bu \u00e7al\u0131\u015fma, dramatik \u0131\u015f\u0131k kullan\u0131m\u0131 ve koyu tonlar\u0131n hakimiyetiyle izleyiciyi an\u0131nda etkisi alt\u0131na alan bir <b data-path-to-node=\"7\" data-index-in-node=\"108\">&#8220;still life&#8221;<\/b> \u00f6rne\u011fi. Sanat\u00e7\u0131, arka plan\u0131 tamamen karanl\u0131\u011fa g\u00f6merek \u00f6n plandaki nesnelerin dokusunu ve rengini \u00f6n plana \u00e7\u0131karm\u0131\u015f. K\u0131rm\u0131z\u0131 bir elman\u0131n (veya k\u00fc\u00e7\u00fck bir kaba\u011f\u0131n) canl\u0131l\u0131\u011f\u0131, karanl\u0131k \u015fi\u015fenin ve toprak vazonun matl\u0131\u011f\u0131yla m\u00fcthi\u015f bir kontrast olu\u015fturuyor.<\/p>\n<p data-path-to-node=\"8\">F\u0131r\u00e7a darbeleri bu eserde \u00e7ok daha serbest ve d\u0131\u015favurumcu. Masan\u0131n kenar\u0131ndan sarkan kirazlar, kompozisyona dikey bir hareket katarken, \u0131\u015f\u0131\u011f\u0131n meyve \u00fczerindeki tek bir noktada parlamas\u0131 esere adeta bir m\u00fccevher par\u0131lt\u0131s\u0131 veriyor. Bu tablo, Hollandal\u0131 ustalar\u0131n karanl\u0131k ve \u0131\u015f\u0131k oyunlar\u0131n\u0131 modern bir f\u0131r\u00e7a yorumuyla g\u00fcn\u00fcm\u00fcze ta\u015f\u0131yor.<\/p>\n","protected":false},"excerpt":{"rendered":"<p data-path-to-node=\"11,0\">Derinlik ve gizem arayan bir ruhun duvar\u0131nda olmas\u0131 gereken o nadir par\u00e7a. I\u015f\u0131\u011f\u0131n karanl\u0131\u011f\u0131 nas\u0131l b\u00fcy\u00fcleyici bir hikayeye d\u00f6n\u00fc\u015ft\u00fcrd\u00fc\u011f\u00fcn\u00fc her bakt\u0131\u011f\u0131n\u0131zda yeniden ke\u015ffedeceksiniz. Mekan\u0131n\u0131za klasik bir a\u011f\u0131rl\u0131k ve sanatsal bir olgunluk katmak istiyorsan\u0131z, bu dramatik kompozisyon koleksiyonunuzun en sofistike \u00fcyesi olacak.<\/p>\n<p data-path-to-node=\"11,0\">\u00d6l\u00e7\u00fc:25 * 35 cm<\/p>\n","protected":false},"featured_media":1555,"comment_status":"open","ping_status":"closed","template":"","meta":[],"etheme_brands":[{"term_id":54,"name":"Selin U\u00e7ar","slug":"selin-ucar","term_group":0,"term_taxonomy_id":54,"taxonomy":"brand","description":"","parent":0,"count":10,"filter":"raw"}],"product_brand":[],"product_cat":[22],"product_tag":[],"class_list":{"0":"post-1600","1":"product","2":"type-product","3":"status-publish","4":"has-post-thumbnail","6":"brand-selin-ucar","7":"product_cat-acrylic","9":"first","10":"instock","11":"shipping-taxable","12":"purchasable","13":"product-type-simple"},"jetpack_sharing_enabled":true,"_links":{"self":[{"href":"https:\/\/dev.fdartgallery.com\/index.php?rest_route=\/wp\/v2\/product\/1600","targetHints":{"allow":["GET"]}}],"collection":[{"href":"https:\/\/dev.fdartgallery.com\/index.php?rest_route=\/wp\/v2\/product"}],"about":[{"href":"https:\/\/dev.fdartgallery.com\/index.php?rest_route=\/wp\/v2\/types\/product"}],"replies":[{"embeddable":true,"href":"https:\/\/dev.fdartgallery.com\/index.php?rest_route=%2Fwp%2Fv2%2Fcomments&post=1600"}],"version-history":[{"count":2,"href":"https:\/\/dev.fdartgallery.com\/index.php?rest_route=\/wp\/v2\/product\/1600\/revisions"}],"predecessor-version":[{"id":1766,"href":"https:\/\/dev.fdartgallery.com\/index.php?rest_route=\/wp\/v2\/product\/1600\/revisions\/1766"}],"wp:featuredmedia":[{"embeddable":true,"href":"https:\/\/dev.fdartgallery.com\/index.php?rest_route=\/wp\/v2\/media\/1555"}],"wp:attachment":[{"href":"https:\/\/dev.fdartgallery.com\/index.php?rest_route=%2Fwp%2Fv2%2Fmedia&parent=1600"}],"wp:term":[{"taxonomy":"brand","embeddable":true,"href":"https:\/\/dev.fdartgallery.com\/index.php?rest_route=%2Fwp%2Fv2%2Fetheme_brands&post=1600"},{"taxonomy":"product_brand","embeddable":true,"href":"https:\/\/dev.fdartgallery.com\/index.php?rest_route=%2Fwp%2Fv2%2Fproduct_brand&post=1600"},{"taxonomy":"product_cat","embeddable":true,"href":"https:\/\/dev.fdartgallery.com\/index.php?rest_route=%2Fwp%2Fv2%2Fproduct_cat&post=1600"},{"taxonomy":"product_tag","embeddable":true,"href":"https:\/\/dev.fdartgallery.com\/index.php?rest_route=%2Fwp%2Fv2%2Fproduct_tag&post=1600"}],"curies":[{"name":"wp","href":"https:\/\/api.w.org\/{rel}","templated":true}]}}