{"id":1598,"date":"2026-02-12T19:36:23","date_gmt":"2026-02-12T19:36:23","guid":{"rendered":"https:\/\/fdartgallery.com\/?post_type=product&#038;p=1598"},"modified":"2026-02-21T20:33:53","modified_gmt":"2026-02-21T20:33:53","slug":"mutfakta-kirazlar","status":"publish","type":"product","link":"https:\/\/dev.fdartgallery.com\/?product=mutfakta-kirazlar","title":{"rendered":"Cherry in Kitchen"},"content":{"rendered":"<p data-path-to-node=\"7\">Bu nat\u00fcrmort \u00e7al\u0131\u015fmas\u0131, klasik bir konuyu modern ve minimalist bir estetikle yeniden yorumluyor. Sanat\u00e7\u0131, derin k\u0131rm\u0131z\u0131 tondaki <b data-path-to-node=\"7\" data-index-in-node=\"128\">cam vazonun<\/b> parlakl\u0131\u011f\u0131n\u0131 ve yans\u0131malar\u0131n\u0131 ustal\u0131kla i\u015fleyerek odak noktas\u0131n\u0131 merkezde toplam\u0131\u015f. Vazodan ta\u015fan kiraz dallar\u0131, esere hem organik bir form hem de dinamik bir y\u00fckseklik kazand\u0131r\u0131yor.<\/p>\n<p data-path-to-node=\"8\">Tablonun en g\u00fc\u00e7l\u00fc yanlar\u0131ndan biri, n\u00f6tr gri arka plan ile kirazlar\u0131n canl\u0131 k\u0131rm\u0131z\u0131s\u0131 aras\u0131ndaki <b data-path-to-node=\"8\" data-index-in-node=\"97\">renk kontrast\u0131d\u0131r<\/b>. Ah\u015fap masan\u0131n \u00fczerindeki f\u0131r\u00e7a darbeleri, esere rustik bir doku katarken; porselen kaselerdeki detaylar g\u00fcnl\u00fck ya\u015fam\u0131n sadeli\u011fini kutluyor. I\u015f\u0131\u011f\u0131n kirazlar\u0131n \u00fczerindeki k\u00fc\u00e7\u00fck beyaz parlamalar\u0131, meyvelerin tazeli\u011fini ve sulu yap\u0131s\u0131n\u0131 izleyiciye hissettirecek kadar ger\u00e7ek\u00e7i.<\/p>\n","protected":false},"excerpt":{"rendered":"<p>Mutfa\u011f\u0131n\u0131z\u0131n veya yemek odan\u0131z\u0131n atmosferini bir anda de\u011fi\u015ftirecek, i\u015ftah a\u00e7\u0131c\u0131 ve bir o kadar da asil bir par\u00e7a. Bu tablo, k\u0131rm\u0131z\u0131n\u0131n enerjisini modern bir zarafetle harmanlayarak ya\u015fam alan\u0131n\u0131za taze bir soluk getirecek. Sadece bir resme de\u011fil, mutfa\u011f\u0131n\u0131z\u0131n karakterini tamamlayan bir m\u00fccevhere sahip olmak ister misiniz?<\/p>\n<p>\u00d6l\u00e7\u00fc: 50 * 70 cm<\/p>\n","protected":false},"featured_media":1556,"comment_status":"open","ping_status":"closed","template":"","meta":[],"etheme_brands":[{"term_id":54,"name":"Selin U\u00e7ar","slug":"selin-ucar","term_group":0,"term_taxonomy_id":54,"taxonomy":"brand","description":"","parent":0,"count":10,"filter":"raw"}],"product_brand":[],"product_cat":[22],"product_tag":[],"class_list":{"0":"post-1598","1":"product","2":"type-product","3":"status-publish","4":"has-post-thumbnail","6":"brand-selin-ucar","7":"product_cat-acrylic","9":"first","10":"instock","11":"shipping-taxable","12":"purchasable","13":"product-type-simple"},"jetpack_sharing_enabled":true,"_links":{"self":[{"href":"https:\/\/dev.fdartgallery.com\/index.php?rest_route=\/wp\/v2\/product\/1598","targetHints":{"allow":["GET"]}}],"collection":[{"href":"https:\/\/dev.fdartgallery.com\/index.php?rest_route=\/wp\/v2\/product"}],"about":[{"href":"https:\/\/dev.fdartgallery.com\/index.php?rest_route=\/wp\/v2\/types\/product"}],"replies":[{"embeddable":true,"href":"https:\/\/dev.fdartgallery.com\/index.php?rest_route=%2Fwp%2Fv2%2Fcomments&post=1598"}],"version-history":[{"count":3,"href":"https:\/\/dev.fdartgallery.com\/index.php?rest_route=\/wp\/v2\/product\/1598\/revisions"}],"predecessor-version":[{"id":1768,"href":"https:\/\/dev.fdartgallery.com\/index.php?rest_route=\/wp\/v2\/product\/1598\/revisions\/1768"}],"wp:featuredmedia":[{"embeddable":true,"href":"https:\/\/dev.fdartgallery.com\/index.php?rest_route=\/wp\/v2\/media\/1556"}],"wp:attachment":[{"href":"https:\/\/dev.fdartgallery.com\/index.php?rest_route=%2Fwp%2Fv2%2Fmedia&parent=1598"}],"wp:term":[{"taxonomy":"brand","embeddable":true,"href":"https:\/\/dev.fdartgallery.com\/index.php?rest_route=%2Fwp%2Fv2%2Fetheme_brands&post=1598"},{"taxonomy":"product_brand","embeddable":true,"href":"https:\/\/dev.fdartgallery.com\/index.php?rest_route=%2Fwp%2Fv2%2Fproduct_brand&post=1598"},{"taxonomy":"product_cat","embeddable":true,"href":"https:\/\/dev.fdartgallery.com\/index.php?rest_route=%2Fwp%2Fv2%2Fproduct_cat&post=1598"},{"taxonomy":"product_tag","embeddable":true,"href":"https:\/\/dev.fdartgallery.com\/index.php?rest_route=%2Fwp%2Fv2%2Fproduct_tag&post=1598"}],"curies":[{"name":"wp","href":"https:\/\/api.w.org\/{rel}","templated":true}]}}