{"id":1596,"date":"2026-02-12T19:28:19","date_gmt":"2026-02-12T19:28:19","guid":{"rendered":"https:\/\/fdartgallery.com\/?post_type=product&#038;p=1596"},"modified":"2026-02-12T19:28:19","modified_gmt":"2026-02-12T19:28:19","slug":"kemanci-kiz","status":"publish","type":"product","link":"https:\/\/dev.fdartgallery.com\/?product=kemanci-kiz","title":{"rendered":"Kemanc\u0131 K\u0131z"},"content":{"rendered":"<p data-path-to-node=\"7\">Bu portre \u00e7al\u0131\u015fmas\u0131, sadece bir m\u00fczisyeni de\u011fil, sanat\u00e7\u0131n\u0131n enstr\u00fcman\u0131yla kurdu\u011fu o derin ve mahrem ba\u011f\u0131 konu al\u0131yor. Sanat\u00e7\u0131, eserde <b data-path-to-node=\"7\" data-index-in-node=\"134\">sepya ve toprak tonlar\u0131n\u0131<\/b> bask\u0131n kullanarak zamans\u0131z, nostaljik bir atmosfer yaratm\u0131\u015f. Arka plandaki flula\u015ft\u0131r\u0131lm\u0131\u015f, dinamik f\u0131r\u00e7a darbeleri, kemandan y\u00fckselen g\u00f6r\u00fcnmez notalar\u0131 ve m\u00fczi\u011fin yaratt\u0131\u011f\u0131 duygusal dalgalanmay\u0131 simgeliyor.<\/p>\n<p data-path-to-node=\"8\">Gen\u00e7 k\u0131z\u0131n dantel detayl\u0131 beyaz kolu ve keman\u0131n g\u00f6vdesindeki s\u0131cak k\u0131rm\u0131z\u0131 ton, tablonun odak noktas\u0131n\u0131 olu\u015fturuyor. Fig\u00fcr\u00fcn konsantrasyonu, narin parmak yap\u0131s\u0131 ve hafif\u00e7e e\u011filmi\u015f ba\u015f\u0131, izleyiciyi o an\u0131n huzuruna davet ediyor. Sanat\u00e7\u0131, realist bir yakla\u015f\u0131m\u0131 empresyonist bir arka planla birle\u015ftirerek, m\u00fczi\u011fin hem teknik disiplinini hem de ruhsal \u00f6zg\u00fcrl\u00fc\u011f\u00fcn\u00fc ayn\u0131 tuvalde bulu\u015fturmu\u015f.<\/p>\n","protected":false},"excerpt":{"rendered":"<p>Baz\u0131 tablolar sadece bakmak i\u00e7indir, baz\u0131lar\u0131 ise dinlemek i\u00e7in. Bu eser, bakt\u0131\u011f\u0131n\u0131z her an size en sevdi\u011finiz kon\u00e7ertoyu f\u0131s\u0131ldayacak kadar duygu dolu. Evinizin en dingin k\u00f6\u015fesinde, sadece g\u00f6rsel bir zenginlik de\u011fil, ayn\u0131 zamanda ruhsal bir huzur kayna\u011f\u0131 ar\u0131yorsan\u0131z; bu kemanc\u0131 k\u0131z\u0131n hikayesi sizinle ba\u015flamal\u0131.<br \/>\n\u00d6\u00e7l\u00fc: 50 * 70 cm<\/p>\n","protected":false},"featured_media":1557,"comment_status":"open","ping_status":"closed","template":"","meta":[],"etheme_brands":[{"term_id":54,"name":"Selin U\u00e7ar","slug":"selin-ucar","term_group":0,"term_taxonomy_id":54,"taxonomy":"brand","description":"","parent":0,"count":10,"filter":"raw"}],"product_brand":[],"product_cat":[22],"product_tag":[],"class_list":{"0":"post-1596","1":"product","2":"type-product","3":"status-publish","4":"has-post-thumbnail","6":"brand-selin-ucar","7":"product_cat-acrylic","9":"first","10":"instock","11":"shipping-taxable","12":"purchasable","13":"product-type-simple"},"jetpack_sharing_enabled":true,"_links":{"self":[{"href":"https:\/\/dev.fdartgallery.com\/index.php?rest_route=\/wp\/v2\/product\/1596","targetHints":{"allow":["GET"]}}],"collection":[{"href":"https:\/\/dev.fdartgallery.com\/index.php?rest_route=\/wp\/v2\/product"}],"about":[{"href":"https:\/\/dev.fdartgallery.com\/index.php?rest_route=\/wp\/v2\/types\/product"}],"replies":[{"embeddable":true,"href":"https:\/\/dev.fdartgallery.com\/index.php?rest_route=%2Fwp%2Fv2%2Fcomments&post=1596"}],"version-history":[{"count":1,"href":"https:\/\/dev.fdartgallery.com\/index.php?rest_route=\/wp\/v2\/product\/1596\/revisions"}],"predecessor-version":[{"id":1597,"href":"https:\/\/dev.fdartgallery.com\/index.php?rest_route=\/wp\/v2\/product\/1596\/revisions\/1597"}],"wp:featuredmedia":[{"embeddable":true,"href":"https:\/\/dev.fdartgallery.com\/index.php?rest_route=\/wp\/v2\/media\/1557"}],"wp:attachment":[{"href":"https:\/\/dev.fdartgallery.com\/index.php?rest_route=%2Fwp%2Fv2%2Fmedia&parent=1596"}],"wp:term":[{"taxonomy":"brand","embeddable":true,"href":"https:\/\/dev.fdartgallery.com\/index.php?rest_route=%2Fwp%2Fv2%2Fetheme_brands&post=1596"},{"taxonomy":"product_brand","embeddable":true,"href":"https:\/\/dev.fdartgallery.com\/index.php?rest_route=%2Fwp%2Fv2%2Fproduct_brand&post=1596"},{"taxonomy":"product_cat","embeddable":true,"href":"https:\/\/dev.fdartgallery.com\/index.php?rest_route=%2Fwp%2Fv2%2Fproduct_cat&post=1596"},{"taxonomy":"product_tag","embeddable":true,"href":"https:\/\/dev.fdartgallery.com\/index.php?rest_route=%2Fwp%2Fv2%2Fproduct_tag&post=1596"}],"curies":[{"name":"wp","href":"https:\/\/api.w.org\/{rel}","templated":true}]}}