{"id":1592,"date":"2026-02-12T19:19:16","date_gmt":"2026-02-12T19:19:16","guid":{"rendered":"https:\/\/fdartgallery.com\/?post_type=product&#038;p=1592"},"modified":"2026-02-12T19:19:16","modified_gmt":"2026-02-12T19:19:16","slug":"la-espanola","status":"publish","type":"product","link":"https:\/\/dev.fdartgallery.com\/?product=la-espanola","title":{"rendered":"La Espanola"},"content":{"rendered":"<p>Bu \u00e7al\u0131\u015fma, Akdeniz\u2019in enerjisini ve flamenko ruhunu tuvale yans\u0131t\u0131yor. Sanat\u00e7\u0131, fig\u00fcr\u00fcn \u00fczerindeki canl\u0131 k\u0131rm\u0131z\u0131 elbiseyi geni\u015f ve \u00f6zg\u00fcr f\u0131r\u00e7a darbeleriyle i\u015fleyerek hareket hissini zirveye ta\u015f\u0131m\u0131\u015f. Arka plandaki pembe \u00e7i\u00e7ekler (begonvil veya zakkumlar) ile elbiseni tonlar\u0131 aras\u0131ndaki uyum, esere monokromatik bir g\u00fc\u00e7 katarken, ye\u015fil yapraklar\u0131n z\u0131tl\u0131\u011f\u0131 kompozisyonu dengeliyor. Kad\u0131n\u0131n vakur duru\u015fu ve uzaklara bakan bak\u0131\u015flar\u0131, gizemli bir hikayenin kap\u0131lar\u0131n\u0131 aral\u0131yor.<\/p>\n","protected":false},"excerpt":{"rendered":"<p>Bu tablo, as\u0131ld\u0131\u011f\u0131 odaya sadece renk de\u011fil, bir karakter katacak. \u0130spanyol ruhunun o ma\u011frur ve tutkulu enerjisini ya\u015fam alan\u0131n\u0131zda hissetmek istiyorsan\u0131z, bu f\u0131r\u00e7a darbelerindeki \u00f6zg\u00fcrl\u00fc\u011f\u00fc ka\u00e7\u0131rmamal\u0131s\u0131n\u0131z.<\/p>\n<p>&nbsp;<\/p>\n<p>\u00d6l\u00e7\u00fc: 80 * 100 cm<\/p>\n","protected":false},"featured_media":1559,"comment_status":"open","ping_status":"closed","template":"","meta":[],"etheme_brands":[{"term_id":54,"name":"Selin U\u00e7ar","slug":"selin-ucar","term_group":0,"term_taxonomy_id":54,"taxonomy":"brand","description":"","parent":0,"count":10,"filter":"raw"}],"product_brand":[],"product_cat":[22],"product_tag":[],"class_list":{"0":"post-1592","1":"product","2":"type-product","3":"status-publish","4":"has-post-thumbnail","6":"brand-selin-ucar","7":"product_cat-acrylic","9":"first","10":"instock","11":"shipping-taxable","12":"purchasable","13":"product-type-simple"},"jetpack_sharing_enabled":true,"_links":{"self":[{"href":"https:\/\/dev.fdartgallery.com\/index.php?rest_route=\/wp\/v2\/product\/1592","targetHints":{"allow":["GET"]}}],"collection":[{"href":"https:\/\/dev.fdartgallery.com\/index.php?rest_route=\/wp\/v2\/product"}],"about":[{"href":"https:\/\/dev.fdartgallery.com\/index.php?rest_route=\/wp\/v2\/types\/product"}],"replies":[{"embeddable":true,"href":"https:\/\/dev.fdartgallery.com\/index.php?rest_route=%2Fwp%2Fv2%2Fcomments&post=1592"}],"version-history":[{"count":1,"href":"https:\/\/dev.fdartgallery.com\/index.php?rest_route=\/wp\/v2\/product\/1592\/revisions"}],"predecessor-version":[{"id":1593,"href":"https:\/\/dev.fdartgallery.com\/index.php?rest_route=\/wp\/v2\/product\/1592\/revisions\/1593"}],"wp:featuredmedia":[{"embeddable":true,"href":"https:\/\/dev.fdartgallery.com\/index.php?rest_route=\/wp\/v2\/media\/1559"}],"wp:attachment":[{"href":"https:\/\/dev.fdartgallery.com\/index.php?rest_route=%2Fwp%2Fv2%2Fmedia&parent=1592"}],"wp:term":[{"taxonomy":"brand","embeddable":true,"href":"https:\/\/dev.fdartgallery.com\/index.php?rest_route=%2Fwp%2Fv2%2Fetheme_brands&post=1592"},{"taxonomy":"product_brand","embeddable":true,"href":"https:\/\/dev.fdartgallery.com\/index.php?rest_route=%2Fwp%2Fv2%2Fproduct_brand&post=1592"},{"taxonomy":"product_cat","embeddable":true,"href":"https:\/\/dev.fdartgallery.com\/index.php?rest_route=%2Fwp%2Fv2%2Fproduct_cat&post=1592"},{"taxonomy":"product_tag","embeddable":true,"href":"https:\/\/dev.fdartgallery.com\/index.php?rest_route=%2Fwp%2Fv2%2Fproduct_tag&post=1592"}],"curies":[{"name":"wp","href":"https:\/\/api.w.org\/{rel}","templated":true}]}}