{"id":1583,"date":"2026-02-12T19:02:48","date_gmt":"2026-02-12T19:02:48","guid":{"rendered":"https:\/\/fdartgallery.com\/?post_type=product&#038;p=1583"},"modified":"2026-02-21T20:40:58","modified_gmt":"2026-02-21T20:40:58","slug":"vazoda-aycicekleri","status":"publish","type":"product","link":"https:\/\/dev.fdartgallery.com\/?product=vazoda-aycicekleri","title":{"rendered":"&#8216;Vazoda Ay\u00e7i\u00e7ekleri&#8217;"},"content":{"rendered":"<p data-path-to-node=\"7\">Bu ya\u011fl\u0131 boya \u00e7al\u0131\u015fma, geleneksel nat\u00fcrmort t\u00fcr\u00fcne modern ve dokusal bir soluk getiriyor. Sanat\u00e7\u0131, ay\u00e7i\u00e7eklerinin canl\u0131 sar\u0131s\u0131n\u0131 <b data-path-to-node=\"7\" data-index-in-node=\"129\">impasto tekni\u011fiyle<\/b> (yo\u011fun boya kullan\u0131m\u0131) i\u015fleyerek \u00e7i\u00e7eklere neredeyse \u00fc\u00e7 boyutlu bir form kazand\u0131rm\u0131\u015f. F\u0131r\u00e7a darbelerindeki bu cesaret, \u00e7i\u00e7eklerin ge\u00e7icili\u011fini ve do\u011fan\u0131n enerjisini hissettiriyor.<\/p>\n<p data-path-to-node=\"8\">Mavi desenli porselen vazonun zarafeti ile d\u00f6k\u00fclen yapraklar\u0131n yaratt\u0131\u011f\u0131 h\u00fcz\u00fcnl\u00fc atmosfer aras\u0131nda m\u00fcthi\u015f bir denge var. Arka plandaki koyu ve dramatik tonlar, \u00f6n plandaki alt\u0131n sar\u0131s\u0131 \u00e7i\u00e7eklerin adeta tuvalden d\u0131\u015far\u0131 f\u0131rlamas\u0131n\u0131 sa\u011fl\u0131yor. Bu eser, sadece bir vazo dolusu \u00e7i\u00e7e\u011fi de\u011fil, ayn\u0131 zamanda hayat\u0131n canl\u0131l\u0131\u011f\u0131 ile zaman\u0131n durdurulamaz ak\u0131\u015f\u0131 aras\u0131ndaki o ince \u00e7izgiyi temsil ediyor.<\/p>\n<p>\u00d6l\u00e7\u00fc:40 * 50 cm<\/p>\n","protected":false},"excerpt":{"rendered":"<p>Bu tabloyu sadece duvar\u0131n\u0131za asmayacaks\u0131n\u0131z; odan\u0131za her girdi\u011finizde ay\u00e7i\u00e7eklerinin o yo\u011fun dokusunda g\u00fcne\u015fin s\u0131cakl\u0131\u011f\u0131n\u0131 ve porselenin asaletini hissedeceksiniz. Mekan\u0131n\u0131za hem sofistike bir derinlik hem de bitmeyen bir enerji katmak istiyorsan\u0131z, bu par\u00e7a koleksiyonunuzun en dikkat \u00e7ekici \u00fcyesi olmaya aday.<\/p>\n","protected":false},"featured_media":1561,"comment_status":"open","ping_status":"closed","template":"","meta":[],"etheme_brands":[{"term_id":54,"name":"Selin U\u00e7ar","slug":"selin-ucar","term_group":0,"term_taxonomy_id":54,"taxonomy":"brand","description":"","parent":0,"count":10,"filter":"raw"}],"product_brand":[],"product_cat":[22],"product_tag":[],"class_list":{"0":"post-1583","1":"product","2":"type-product","3":"status-publish","4":"has-post-thumbnail","6":"brand-selin-ucar","7":"product_cat-acrylic","9":"first","10":"instock","11":"shipping-taxable","12":"purchasable","13":"product-type-simple"},"jetpack_sharing_enabled":true,"_links":{"self":[{"href":"https:\/\/dev.fdartgallery.com\/index.php?rest_route=\/wp\/v2\/product\/1583","targetHints":{"allow":["GET"]}}],"collection":[{"href":"https:\/\/dev.fdartgallery.com\/index.php?rest_route=\/wp\/v2\/product"}],"about":[{"href":"https:\/\/dev.fdartgallery.com\/index.php?rest_route=\/wp\/v2\/types\/product"}],"replies":[{"embeddable":true,"href":"https:\/\/dev.fdartgallery.com\/index.php?rest_route=%2Fwp%2Fv2%2Fcomments&post=1583"}],"version-history":[{"count":4,"href":"https:\/\/dev.fdartgallery.com\/index.php?rest_route=\/wp\/v2\/product\/1583\/revisions"}],"predecessor-version":[{"id":1773,"href":"https:\/\/dev.fdartgallery.com\/index.php?rest_route=\/wp\/v2\/product\/1583\/revisions\/1773"}],"wp:featuredmedia":[{"embeddable":true,"href":"https:\/\/dev.fdartgallery.com\/index.php?rest_route=\/wp\/v2\/media\/1561"}],"wp:attachment":[{"href":"https:\/\/dev.fdartgallery.com\/index.php?rest_route=%2Fwp%2Fv2%2Fmedia&parent=1583"}],"wp:term":[{"taxonomy":"brand","embeddable":true,"href":"https:\/\/dev.fdartgallery.com\/index.php?rest_route=%2Fwp%2Fv2%2Fetheme_brands&post=1583"},{"taxonomy":"product_brand","embeddable":true,"href":"https:\/\/dev.fdartgallery.com\/index.php?rest_route=%2Fwp%2Fv2%2Fproduct_brand&post=1583"},{"taxonomy":"product_cat","embeddable":true,"href":"https:\/\/dev.fdartgallery.com\/index.php?rest_route=%2Fwp%2Fv2%2Fproduct_cat&post=1583"},{"taxonomy":"product_tag","embeddable":true,"href":"https:\/\/dev.fdartgallery.com\/index.php?rest_route=%2Fwp%2Fv2%2Fproduct_tag&post=1583"}],"curies":[{"name":"wp","href":"https:\/\/api.w.org\/{rel}","templated":true}]}}