{"id":1495,"date":"2026-02-02T16:32:44","date_gmt":"2026-02-02T16:32:44","guid":{"rendered":"https:\/\/fdartgallery.swordbros.com\/?post_type=product&#038;p=1495"},"modified":"2026-02-21T20:44:17","modified_gmt":"2026-02-21T20:44:17","slug":"dramatik-koyu-tonlu-kompozisyon-yagli-boya-tablo","status":"publish","type":"product","link":"https:\/\/dev.fdartgallery.com\/?product=dramatik-koyu-tonlu-kompozisyon-yagli-boya-tablo","title":{"rendered":"&#8216;Soyut Peyzaj&#8217; (Sat\u0131ld\u0131)"},"content":{"rendered":"<p><strong>G\u00fc\u00e7l\u00fc bir ifade ve derinlik kazan\u0131n!<\/strong>\u00a0Koyu tonlar\u0131n dramatik kullan\u0131m\u0131yla olu\u015fturulmu\u015f bu etkileyici \u00e7al\u0131\u015fma, mekan\u0131n\u0131za karakter ve derinlik katar. Siyah ve koyu gri tonlar\u0131n ustaca kullan\u0131m\u0131, modern ve \u00e7a\u011fda\u015f dekorasyon anlay\u0131\u015f\u0131na cesur bir dokunu\u015f sa\u011flar.<\/p>\n<p>80x100cm<\/p>\n","protected":false},"excerpt":{"rendered":"<p>\u2728\u00a0<strong>\u00d6ne \u00c7\u0131kan \u00d6zellikler:<\/strong>\u00a0Dramatik kontrast, g\u00fc\u00e7l\u00fc kompozisyon, derin g\u00f6lge oyunlar\u0131. Modern ofisler, sanat galerileri, \u00e7a\u011fda\u015f mekan tasar\u0131mlar\u0131 ve karakter arayan koleksiyonerler i\u00e7in ideal.<\/p>\n<p>\ud83c\udfaf\u00a0<strong>Hedef Alan:<\/strong>\u00a0Modern sanat severler, \u00e7a\u011fda\u015f mekan sahipleri, tasar\u0131m ofisleri, sanat galerileri, karakter arayan koleksiyonerler<\/p>\n","protected":false},"featured_media":1473,"comment_status":"open","ping_status":"closed","template":"","meta":[],"etheme_brands":[{"term_id":52,"name":"\u00d6yk\u00fc Alinda Akdemir","slug":"oyku-alinda","term_group":0,"term_taxonomy_id":52,"taxonomy":"brand","description":"","parent":0,"count":4,"filter":"raw"}],"product_brand":[],"product_cat":[22],"product_tag":[],"class_list":{"0":"post-1495","1":"product","2":"type-product","3":"status-publish","4":"has-post-thumbnail","6":"brand-oyku-alinda","7":"product_cat-acrylic","9":"first","10":"outofstock","11":"shipping-taxable","12":"purchasable","13":"product-type-simple"},"jetpack_sharing_enabled":true,"_links":{"self":[{"href":"https:\/\/dev.fdartgallery.com\/index.php?rest_route=\/wp\/v2\/product\/1495","targetHints":{"allow":["GET"]}}],"collection":[{"href":"https:\/\/dev.fdartgallery.com\/index.php?rest_route=\/wp\/v2\/product"}],"about":[{"href":"https:\/\/dev.fdartgallery.com\/index.php?rest_route=\/wp\/v2\/types\/product"}],"replies":[{"embeddable":true,"href":"https:\/\/dev.fdartgallery.com\/index.php?rest_route=%2Fwp%2Fv2%2Fcomments&post=1495"}],"version-history":[{"count":5,"href":"https:\/\/dev.fdartgallery.com\/index.php?rest_route=\/wp\/v2\/product\/1495\/revisions"}],"predecessor-version":[{"id":1775,"href":"https:\/\/dev.fdartgallery.com\/index.php?rest_route=\/wp\/v2\/product\/1495\/revisions\/1775"}],"wp:featuredmedia":[{"embeddable":true,"href":"https:\/\/dev.fdartgallery.com\/index.php?rest_route=\/wp\/v2\/media\/1473"}],"wp:attachment":[{"href":"https:\/\/dev.fdartgallery.com\/index.php?rest_route=%2Fwp%2Fv2%2Fmedia&parent=1495"}],"wp:term":[{"taxonomy":"brand","embeddable":true,"href":"https:\/\/dev.fdartgallery.com\/index.php?rest_route=%2Fwp%2Fv2%2Fetheme_brands&post=1495"},{"taxonomy":"product_brand","embeddable":true,"href":"https:\/\/dev.fdartgallery.com\/index.php?rest_route=%2Fwp%2Fv2%2Fproduct_brand&post=1495"},{"taxonomy":"product_cat","embeddable":true,"href":"https:\/\/dev.fdartgallery.com\/index.php?rest_route=%2Fwp%2Fv2%2Fproduct_cat&post=1495"},{"taxonomy":"product_tag","embeddable":true,"href":"https:\/\/dev.fdartgallery.com\/index.php?rest_route=%2Fwp%2Fv2%2Fproduct_tag&post=1495"}],"curies":[{"name":"wp","href":"https:\/\/api.w.org\/{rel}","templated":true}]}}