{"id":1493,"date":"2026-02-02T16:31:28","date_gmt":"2026-02-02T16:31:28","guid":{"rendered":"https:\/\/fdartgallery.swordbros.com\/?post_type=product&#038;p=1493"},"modified":"2026-02-21T20:46:30","modified_gmt":"2026-02-21T20:46:30","slug":"koyu-tonlu-zarif-kompozisyon-yagli-boya-tablo","status":"publish","type":"product","link":"https:\/\/dev.fdartgallery.com\/?product=koyu-tonlu-zarif-kompozisyon-yagli-boya-tablo","title":{"rendered":"&#8216;Rehine&#8217;"},"content":{"rendered":"<p><strong>Romantizmi ve zarafeti mekan\u0131n\u0131za ta\u015f\u0131y\u0131n!<\/strong>\u00a0A\u00e7\u0131k pembe ve bej tonlar\u0131n\u0131n b\u00fcy\u00fcleyici uyumuyla yarat\u0131lm\u0131\u015f bu \u00f6zel eser, duygusal derinlik ve estetik g\u00fczellik arayan sanat severler i\u00e7in m\u00fckemmel bir se\u00e7im. Yumu\u015fak f\u0131r\u00e7a darbeleri ve dengeli renk da\u011f\u0131l\u0131m\u0131, her mekana uyum sa\u011flar.<\/p>\n<p>80x100cm<\/p>\n","protected":false},"excerpt":{"rendered":"<p>\u2728\u00a0<strong>\u00d6ne \u00c7\u0131kan \u00d6zellikler:<\/strong>\u00a0Romantik renk paleti, zarif kompozisyon, yumu\u015fak ton ge\u00e7i\u015fleri. Yatak odalar\u0131, \u00e7ocuk odalar\u0131, g\u00fczellik salonlar\u0131 ve romantik mekan tasar\u0131mlar\u0131 i\u00e7in ideal.<\/p>\n<p>\ud83c\udfaf\u00a0<strong>Hedef Alan:<\/strong>\u00a0Romantik dekorasyon sevenler, kad\u0131n odakl\u0131 mekanlar, wellness merkezleri, butik oteller<\/p>\n","protected":false},"featured_media":1472,"comment_status":"open","ping_status":"closed","template":"","meta":[],"etheme_brands":[{"term_id":52,"name":"\u00d6yk\u00fc Alinda Akdemir","slug":"oyku-alinda","term_group":0,"term_taxonomy_id":52,"taxonomy":"brand","description":"","parent":0,"count":4,"filter":"raw"}],"product_brand":[],"product_cat":[22],"product_tag":[],"class_list":{"0":"post-1493","1":"product","2":"type-product","3":"status-publish","4":"has-post-thumbnail","6":"brand-oyku-alinda","7":"product_cat-acrylic","9":"first","10":"instock","11":"shipping-taxable","12":"purchasable","13":"product-type-simple"},"jetpack_sharing_enabled":true,"_links":{"self":[{"href":"https:\/\/dev.fdartgallery.com\/index.php?rest_route=\/wp\/v2\/product\/1493","targetHints":{"allow":["GET"]}}],"collection":[{"href":"https:\/\/dev.fdartgallery.com\/index.php?rest_route=\/wp\/v2\/product"}],"about":[{"href":"https:\/\/dev.fdartgallery.com\/index.php?rest_route=\/wp\/v2\/types\/product"}],"replies":[{"embeddable":true,"href":"https:\/\/dev.fdartgallery.com\/index.php?rest_route=%2Fwp%2Fv2%2Fcomments&post=1493"}],"version-history":[{"count":4,"href":"https:\/\/dev.fdartgallery.com\/index.php?rest_route=\/wp\/v2\/product\/1493\/revisions"}],"predecessor-version":[{"id":1777,"href":"https:\/\/dev.fdartgallery.com\/index.php?rest_route=\/wp\/v2\/product\/1493\/revisions\/1777"}],"wp:featuredmedia":[{"embeddable":true,"href":"https:\/\/dev.fdartgallery.com\/index.php?rest_route=\/wp\/v2\/media\/1472"}],"wp:attachment":[{"href":"https:\/\/dev.fdartgallery.com\/index.php?rest_route=%2Fwp%2Fv2%2Fmedia&parent=1493"}],"wp:term":[{"taxonomy":"brand","embeddable":true,"href":"https:\/\/dev.fdartgallery.com\/index.php?rest_route=%2Fwp%2Fv2%2Fetheme_brands&post=1493"},{"taxonomy":"product_brand","embeddable":true,"href":"https:\/\/dev.fdartgallery.com\/index.php?rest_route=%2Fwp%2Fv2%2Fproduct_brand&post=1493"},{"taxonomy":"product_cat","embeddable":true,"href":"https:\/\/dev.fdartgallery.com\/index.php?rest_route=%2Fwp%2Fv2%2Fproduct_cat&post=1493"},{"taxonomy":"product_tag","embeddable":true,"href":"https:\/\/dev.fdartgallery.com\/index.php?rest_route=%2Fwp%2Fv2%2Fproduct_tag&post=1493"}],"curies":[{"name":"wp","href":"https:\/\/api.w.org\/{rel}","templated":true}]}}