{"id":1491,"date":"2026-02-02T16:29:36","date_gmt":"2026-02-02T16:29:36","guid":{"rendered":"https:\/\/fdartgallery.swordbros.com\/?post_type=product&#038;p=1491"},"modified":"2026-02-21T20:52:03","modified_gmt":"2026-02-21T20:52:03","slug":"yumusak-tonlu-kompozisyon-pastel-yagli-boya-tablo","status":"publish","type":"product","link":"https:\/\/dev.fdartgallery.com\/?product=yumusak-tonlu-kompozisyon-pastel-yagli-boya-tablo","title":{"rendered":"&#8216;Ge\u00e7mi\u015fe A\u00e7\u0131lan Zaman Aral\u0131\u011f\u0131&#8217;"},"content":{"rendered":"<p><strong>Tarihin en b\u00fcy\u00fcl\u00fc zamanlar\u0131na yolculuk etmenizi sa\u011flayacak bir d\u00f6nem tablosu&#8230;<\/strong>\u00a0A\u00e7\u0131k bej ve krem tonlar\u0131n\u0131n yumu\u015fak ge\u00e7i\u015fleriyle olu\u015fturulmu\u015f bu zarif \u00e7al\u0131\u015fma, mekan\u0131n\u0131za sakinlik ve dinginlik getirir. Pastel renk paleti ve dengeli kompozisyon, modern ve minimal dekorasyon anlay\u0131\u015f\u0131na m\u00fckemmel uyum sa\u011flar.<\/p>\n<p>80x100cm<\/p>\n","protected":false},"excerpt":{"rendered":"<p>\u2728\u00a0<strong>\u00d6ne \u00c7\u0131kan \u00d6zellikler:<\/strong>\u00a0Yumu\u015fak renk ge\u00e7i\u015fleri, minimal kompozisyon, huzur veren atmosfer. Yatak odas\u0131, oturma odas\u0131 veya meditasyon alanlar\u0131 i\u00e7in ideal.<\/p>\n<p>\ud83c\udfaf\u00a0<strong>Hedef Alan:<\/strong>\u00a0Minimalist dekorasyon severler, huzur arayan mekan sahipleri, wellness merkezleri, modern konutlar<\/p>\n","protected":false},"featured_media":1471,"comment_status":"open","ping_status":"closed","template":"","meta":[],"etheme_brands":[{"term_id":52,"name":"\u00d6yk\u00fc Alinda Akdemir","slug":"oyku-alinda","term_group":0,"term_taxonomy_id":52,"taxonomy":"brand","description":"","parent":0,"count":4,"filter":"raw"}],"product_brand":[],"product_cat":[41],"product_tag":[],"class_list":{"0":"post-1491","1":"product","2":"type-product","3":"status-publish","4":"has-post-thumbnail","6":"brand-oyku-alinda","7":"product_cat-oil","9":"first","10":"instock","11":"shipping-taxable","12":"purchasable","13":"product-type-simple"},"jetpack_sharing_enabled":true,"_links":{"self":[{"href":"https:\/\/dev.fdartgallery.com\/index.php?rest_route=\/wp\/v2\/product\/1491","targetHints":{"allow":["GET"]}}],"collection":[{"href":"https:\/\/dev.fdartgallery.com\/index.php?rest_route=\/wp\/v2\/product"}],"about":[{"href":"https:\/\/dev.fdartgallery.com\/index.php?rest_route=\/wp\/v2\/types\/product"}],"replies":[{"embeddable":true,"href":"https:\/\/dev.fdartgallery.com\/index.php?rest_route=%2Fwp%2Fv2%2Fcomments&post=1491"}],"version-history":[{"count":4,"href":"https:\/\/dev.fdartgallery.com\/index.php?rest_route=\/wp\/v2\/product\/1491\/revisions"}],"predecessor-version":[{"id":1779,"href":"https:\/\/dev.fdartgallery.com\/index.php?rest_route=\/wp\/v2\/product\/1491\/revisions\/1779"}],"wp:featuredmedia":[{"embeddable":true,"href":"https:\/\/dev.fdartgallery.com\/index.php?rest_route=\/wp\/v2\/media\/1471"}],"wp:attachment":[{"href":"https:\/\/dev.fdartgallery.com\/index.php?rest_route=%2Fwp%2Fv2%2Fmedia&parent=1491"}],"wp:term":[{"taxonomy":"brand","embeddable":true,"href":"https:\/\/dev.fdartgallery.com\/index.php?rest_route=%2Fwp%2Fv2%2Fetheme_brands&post=1491"},{"taxonomy":"product_brand","embeddable":true,"href":"https:\/\/dev.fdartgallery.com\/index.php?rest_route=%2Fwp%2Fv2%2Fproduct_brand&post=1491"},{"taxonomy":"product_cat","embeddable":true,"href":"https:\/\/dev.fdartgallery.com\/index.php?rest_route=%2Fwp%2Fv2%2Fproduct_cat&post=1491"},{"taxonomy":"product_tag","embeddable":true,"href":"https:\/\/dev.fdartgallery.com\/index.php?rest_route=%2Fwp%2Fv2%2Fproduct_tag&post=1491"}],"curies":[{"name":"wp","href":"https:\/\/api.w.org\/{rel}","templated":true}]}}