{"id":69,"date":"2025-02-24T14:02:14","date_gmt":"2025-02-24T14:02:14","guid":{"rendered":"https:\/\/xstore.8theme.com\/elementor3\/painting-studio\/?page_id=69"},"modified":"2026-02-23T23:01:59","modified_gmt":"2026-02-23T23:01:59","slug":"contact-us","status":"publish","type":"page","link":"https:\/\/dev.fdartgallery.com\/?page_id=69","title":{"rendered":"\u0130leti\u015fim"},"content":{"rendered":"\t\t<div data-elementor-type=\"wp-page\" data-elementor-id=\"69\" class=\"elementor elementor-69\" data-elementor-post-type=\"page\">\n\t\t\t\t<div class=\"elementor-element elementor-element-7e998174 e-flex e-con-boxed e-con e-parent\" data-id=\"7e998174\" data-element_type=\"container\" data-e-type=\"container\">\n\t\t\t\t\t<div class=\"e-con-inner\">\n\t\t\t\t<div class=\"elementor-element elementor-element-6dc64d0 elementor-widget elementor-widget-woocommerce-etheme_breadcrumb\" data-id=\"6dc64d0\" data-element_type=\"widget\" data-e-type=\"widget\" data-widget_type=\"woocommerce-etheme_breadcrumb.default\">\n\t\t\t\t<div class=\"elementor-widget-container\">\n\t\t\t\t\t    <div\n            class=\"page-heading bc-type-left2 bc-effect-none bc-color-dark\"\n\t\t    >\n        <div class=\"container \">\n            <div class=\"row\">\n                <div class=\"col-md-12 a-center\">\n\t\t\t\t\t\n\t\t\t\t\t\t\t\t\t\t\n\t\t\t\t\t\t\t\t\t\t\t\n\t\t\t\t\t\t<nav class=\"woocommerce-breadcrumb\" aria-label=\"Breadcrumb\">\t\t\t\t\t\t\n\t\t\t\t\t\t\t\t\t\t\t\t\t\n\t\t\t\t\t\t\t\t\t\t\t\t\t\t\n\t\t\t\t\t\t\t\t\t\t\t\t\t\t\n\t\t\t\t\t\t\t\t\t\t\t\t\t\t\n\t\t\t\t\t\t\t\t\t\t\t\t\t\t\n\t\t\t\t\t\t\t\t\t\t\t\t\t\n\t\t\t\t\t\t\t\t\t\t\t\t\n\t\t\t\t\t\t<h1 class=\"title\">Ana Sayfa<\/h1>\t\t\t\t\t\t\n\t\t\t\t\t\t<\/nav>\t\t\t\t\t\n\t\t\t\t\t\t\t\t\t\t\n\t\t\t\t\t                <\/div>\n            <\/div>\n        <\/div>\n    <\/div>\n\t\n\t\t\t\t\t<\/div>\n\t\t\t\t<\/div>\n\t\t\t\t<div class=\"elementor-element elementor-element-2458e616 elementor-widget elementor-widget-text-editor\" data-id=\"2458e616\" data-element_type=\"widget\" data-e-type=\"widget\" data-widget_type=\"text-editor.default\">\n\t\t\t\t\t\t\t\t\t<p><img fetchpriority=\"high\" decoding=\"async\" class=\"alignnone size-full wp-image-2249\" src=\"https:\/\/dev.fdartgallery.com\/wp-content\/uploads\/2026\/02\/iletisim-pagetitle-scaled.jpg\" alt=\"\" width=\"2560\" height=\"673\" srcset=\"https:\/\/dev.fdartgallery.com\/wp-content\/uploads\/2026\/02\/iletisim-pagetitle-scaled.jpg 2560w, https:\/\/dev.fdartgallery.com\/wp-content\/uploads\/2026\/02\/iletisim-pagetitle-300x79.jpg 300w, https:\/\/dev.fdartgallery.com\/wp-content\/uploads\/2026\/02\/iletisim-pagetitle-1024x269.jpg 1024w, https:\/\/dev.fdartgallery.com\/wp-content\/uploads\/2026\/02\/iletisim-pagetitle-768x202.jpg 768w, https:\/\/dev.fdartgallery.com\/wp-content\/uploads\/2026\/02\/iletisim-pagetitle-1536x404.jpg 1536w, https:\/\/dev.fdartgallery.com\/wp-content\/uploads\/2026\/02\/iletisim-pagetitle-2048x538.jpg 2048w, https:\/\/dev.fdartgallery.com\/wp-content\/uploads\/2026\/02\/iletisim-pagetitle-600x158.jpg 600w, https:\/\/dev.fdartgallery.com\/wp-content\/uploads\/2026\/02\/iletisim-pagetitle-400x105.jpg 400w, https:\/\/dev.fdartgallery.com\/wp-content\/uploads\/2026\/02\/iletisim-pagetitle-10x3.jpg 10w\" sizes=\"(max-width: 2560px) 100vw, 2560px\" \/>Sizden haber almak bizi \u00e7ok mutlu eder! \u0130ster bir sorunuz olsun, ister geri bildirim payla\u015fmak isteyin ya da sadece merhaba demek isteyin, bizimle ileti\u015fime ge\u00e7mekten \u00e7ekinmeyin. D\u00fc\u015f\u00fcnceleriniz ve sorular\u0131n\u0131z bizim i\u00e7in \u00e7ok de\u011ferli; her konuda yard\u0131mc\u0131 olmak i\u00e7in buraday\u0131z.<\/p>\t\t\t\t\t\t\t\t<\/div>\n\t\t\t\t\t<\/div>\n\t\t\t\t<\/div>\n\t\t<div class=\"elementor-element elementor-element-6930763 e-con-full e-flex e-con e-parent\" data-id=\"6930763\" data-element_type=\"container\" data-e-type=\"container\" data-settings=\"{&quot;background_background&quot;:&quot;classic&quot;}\">\n\t\t<div class=\"elementor-element elementor-element-066862c e-flex e-con-boxed e-con e-child\" data-id=\"066862c\" data-element_type=\"container\" data-e-type=\"container\">\n\t\t\t\t\t<div class=\"e-con-inner\">\n\t\t\t\t<div class=\"elementor-element elementor-element-533eb35 elementor-align-center elementor-widget elementor-widget-etheme_icon_box\" data-id=\"533eb35\" data-element_type=\"widget\" data-e-type=\"widget\" data-settings=\"{&quot;icon_type&quot;:&quot;icon&quot;}\" data-widget_type=\"etheme_icon_box.default\">\n\t\t\t\t<div class=\"elementor-widget-container\">\n\t\t\t\t\t\t\t\t<div class=\"etheme-icon-box etheme-icon-box-icon-position-top\">\n        \n                            \n                <div class=\"etheme-icon-box-icon etheme-icon-box-icon-type-icon\">\n        \n                <svg xmlns=\"http:\/\/www.w3.org\/2000\/svg\" width=\"33\" height=\"33\" viewBox=\"0 0 33 33\" fill=\"none\"><path fill-rule=\"evenodd\" clip-rule=\"evenodd\" d=\"M18.5083 0.876334L29.7378 8.6403C31.4837 9.84842 32.5233 11.8174 32.5247 13.9185V25.4273C32.5204 27.2552 31.7787 29.0066 30.4629 30.2962C29.147 31.5857 27.3648 32.3077 25.5083 32.3035H7.01642C5.1599 32.3077 3.37768 31.5857 2.06185 30.2962C0.746012 29.0066 0.00434274 27.2552 0 25.4273V13.9185C0.00139463 11.8174 1.04103 9.84842 2.7869 8.6403L14.0165 0.876334C15.2786 -0.292111 17.2461 -0.292111 18.5083 0.876334ZM28.7241 28.5844C29.5788 27.7489 30.0614 26.6134 30.0657 25.4275V13.9188C30.0427 12.6314 29.3972 11.432 28.328 10.6905L17.0984 2.92656L16.9181 2.79743C16.7454 2.62391 16.5091 2.52612 16.2624 2.52612C16.0156 2.52612 15.7793 2.62391 15.6066 2.79743L15.4263 2.92656L4.19674 10.6905C3.12758 11.432 2.48199 12.6314 2.45903 13.9188V25.4275C2.46337 26.6134 2.94596 27.7489 3.80064 28.5844C4.65532 29.4199 5.81207 29.8868 7.01642 29.8825H25.5083C26.7127 29.8868 27.8694 29.4199 28.7241 28.5844Z\" fill=\"white\"><\/path><path d=\"M26.2143 14.5479L17.1323 20.7946C16.8635 21.0594 16.4943 21.2013 16.1144 21.186C15.7344 21.1706 15.3783 20.9994 15.1323 20.7139L6.31262 14.5479C5.95834 14.2462 5.46074 14.1689 5.02935 14.3486C4.59796 14.5283 4.30772 14.9337 4.28084 15.3941C4.25397 15.8545 4.49513 16.29 4.90278 16.5171L13.5913 22.6186C14.3038 23.2716 15.2409 23.6349 16.2143 23.6355C17.1298 23.6126 18.0025 23.2493 18.6569 22.6186L27.6242 16.4526C28.1397 16.0769 28.2753 15.3741 27.9357 14.8384C27.5384 14.2956 26.7726 14.1663 26.2143 14.5479Z\" fill=\"white\"><\/path><\/svg>        \n                <\/div>\n            \n                <div class=\"etheme-icon-box-content\">\n\t\t\n                                        \n                                            <h3 class=\"etheme-icon-box-title\">\n                            <span>Email:<\/span>\n                        <\/h3>\n                    \t\t\n                                            <p class=\"etheme-icon-box-description\">\n                            info@fdsanatmerkezi.com                        <\/p>\n                    \n                            <a href=\"mailto:info@fdsanatmerkezi.com\" class=\"elementor-button-link elementor-button\" role=\"button\">\n                \n                    \n                <span class=\"button-text\">mail at<\/span>\n                \n                    \n            <\/a>\n                    \n                <\/div>\n\t\t\t<\/div>\n\t\t\t\t\t\t<\/div>\n\t\t\t\t<\/div>\n\t\t\t\t<div class=\"elementor-element elementor-element-d127429 elementor-align-center elementor-widget elementor-widget-etheme_icon_box\" data-id=\"d127429\" data-element_type=\"widget\" data-e-type=\"widget\" data-settings=\"{&quot;icon_type&quot;:&quot;icon&quot;}\" data-widget_type=\"etheme_icon_box.default\">\n\t\t\t\t<div class=\"elementor-widget-container\">\n\t\t\t\t\t\t\t\t<div class=\"etheme-icon-box etheme-icon-box-icon-position-top\">\n        \n                            \n                <div class=\"etheme-icon-box-icon etheme-icon-box-icon-type-icon\">\n        \n                <svg xmlns=\"http:\/\/www.w3.org\/2000\/svg\" width=\"44\" height=\"37\" viewBox=\"0 0 44 37\" fill=\"none\"><path fill-rule=\"evenodd\" clip-rule=\"evenodd\" d=\"M19.6878 2.9928H36.6436C38.313 2.95798 39.9273 3.59088 41.1282 4.75106C42.3291 5.91124 43.0173 7.50273 43.04 9.17235V27.2123C43.0059 28.8743 42.3127 30.4547 41.113 31.6055C39.9134 32.7563 38.3056 33.3833 36.6436 33.3485H19.6445H19.2975C18.569 35.1908 16.7904 36.4024 14.8092 36.4057H10.8196C8.82635 36.4081 7.03211 35.1976 6.28796 33.3485C2.84752 33.3725 0.0357545 30.6092 0 27.1689V9.17235C0.0357545 5.73201 2.84752 2.96872 6.28796 2.9928C7.03565 1.1944 8.78533 0.0165676 10.7329 0.000600522H14.8092C16.7919 -0.0306103 18.5908 1.15721 19.3409 2.9928H19.6878ZM3.25932 9.17257V27.1691C3.31203 28.6262 4.41439 29.8296 5.86124 30.0096V6.33215C4.41439 6.51212 3.31203 7.71553 3.25932 9.17257ZM16.427 31.5049C16.427 32.403 15.6989 33.1311 14.8008 33.1311H10.7245C10.2914 33.137 9.87432 32.9675 9.56806 32.6613C9.2618 32.355 9.09236 31.938 9.09826 31.5049V4.87863C9.09236 4.44556 9.2618 4.0285 9.56806 3.72224C9.87432 3.41598 10.2914 3.24654 10.7245 3.25244H14.8008C15.6989 3.25244 16.427 3.98051 16.427 4.87863V31.5049ZM36.6397 30.053C38.2631 30.0661 39.6053 28.7911 39.6753 27.1692V9.1726C39.6515 7.51655 38.2959 6.18999 36.6397 6.20208H19.6839V30.053H36.6397Z\" fill=\"white\"><\/path><path d=\"M36.3043 9.77954H22.5359C21.6377 9.77954 20.9097 10.5076 20.9097 11.4057C20.9097 12.3039 21.6377 13.0319 22.5359 13.0319H36.3043C37.2024 13.0319 37.9305 12.3039 37.9305 11.4057C37.9305 10.5076 37.2024 9.77954 36.3043 9.77954V9.77954Z\" fill=\"white\"><\/path><ellipse cx=\"23.6274\" cy=\"18.1711\" rx=\"1.4961\" ry=\"1.4961\" fill=\"white\"><\/ellipse><ellipse cx=\"23.6274\" cy=\"24.9353\" rx=\"1.4961\" ry=\"1.4961\" fill=\"white\"><\/ellipse><path d=\"M29.3987 16.6752C28.5754 16.6871 27.9165 17.3622 27.9244 18.1856C27.9323 19.0089 28.6041 19.6712 29.4275 19.6672C30.251 19.6633 30.9164 18.9947 30.9165 18.1713C30.9166 17.7707 30.756 17.3869 30.4707 17.1057C30.1854 16.8245 29.7993 16.6694 29.3987 16.6752Z\" fill=\"white\"><\/path><path d=\"M29.406 23.4181C28.7921 23.4181 28.2387 23.7879 28.0038 24.3551C27.7688 24.9222 27.8987 25.5751 28.3328 26.0091C28.7669 26.4432 29.4197 26.5731 29.9868 26.3382C30.554 26.1032 30.9238 25.5498 30.9238 24.9359C30.9297 24.5316 30.7717 24.1421 30.4858 23.8562C30.1998 23.5702 29.8103 23.4122 29.406 23.4181Z\" fill=\"white\"><\/path><path d=\"M35.1845 16.6745C34.5758 16.6568 34.0171 17.0099 33.7718 17.5673C33.5265 18.1248 33.6436 18.7752 34.0678 19.2122C34.4921 19.6491 35.1388 19.7852 35.7032 19.5564C36.2676 19.3276 36.637 18.7796 36.6373 18.1706C36.6376 17.3609 35.9938 16.6979 35.1845 16.6745Z\" fill=\"white\"><\/path><path d=\"M35.1845 23.4181C34.5687 23.4093 34.0087 23.7735 33.7669 24.3399C33.5251 24.9063 33.6496 25.5626 34.0819 26.0012C34.5142 26.4398 35.1687 26.5737 35.7386 26.3401C36.3084 26.1065 36.6806 25.5518 36.6806 24.9359C36.6864 24.5354 36.5314 24.1492 36.2502 23.864C35.969 23.5787 35.5851 23.4181 35.1845 23.4181Z\" fill=\"white\"><\/path><\/svg>        \n                <\/div>\n            \n                <div class=\"etheme-icon-box-content\">\n\t\t\n                                        \n                                            <h3 class=\"etheme-icon-box-title\">\n                            <span>Telefon:<\/span>\n                        <\/h3>\n                    \t\t\n                                            <p class=\"etheme-icon-box-description\">\n                            +90 505 485 55 17                        <\/p>\n                    \n                            <a href=\"http:\/\/+90%20505%20485%2055%2017\" class=\"elementor-button-link elementor-button\" role=\"button\">\n                \n                    \n                <span class=\"button-text\">ara<\/span>\n                \n                    \n            <\/a>\n                    \n                <\/div>\n\t\t\t<\/div>\n\t\t\t\t\t\t<\/div>\n\t\t\t\t<\/div>\n\t\t\t\t<div class=\"elementor-element elementor-element-cbee4c2 elementor-align-center elementor-widget elementor-widget-etheme_icon_box\" data-id=\"cbee4c2\" data-element_type=\"widget\" data-e-type=\"widget\" data-settings=\"{&quot;icon_type&quot;:&quot;icon&quot;}\" data-widget_type=\"etheme_icon_box.default\">\n\t\t\t\t<div class=\"elementor-widget-container\">\n\t\t\t\t\t\t\t\t<div class=\"etheme-icon-box etheme-icon-box-icon-position-top\">\n        \n                            \n                <div class=\"etheme-icon-box-icon etheme-icon-box-icon-type-icon\">\n        \n                <svg xmlns=\"http:\/\/www.w3.org\/2000\/svg\" width=\"27\" height=\"39\" viewBox=\"0 0 27 39\" fill=\"none\"><path d=\"M22.5846 25.7656C21.8875 25.4153 21.0382 25.6871 20.6739 26.3771C20.3373 27.08 20.6156 27.9233 21.3045 28.2878C22.9859 29.1476 23.9412 30.1985 23.9412 31.2112C23.9412 33.3703 19.432 35.7778 13.3941 35.7778C7.35625 35.7778 2.82786 33.3894 2.82786 31.2876C2.82786 30.294 3.78321 29.224 5.46464 28.3642C5.96888 28.162 6.31544 27.6921 6.35961 27.1506C6.40378 26.6092 6.13798 26.0893 5.67318 25.808C5.20837 25.5268 4.62451 25.5326 4.16536 25.823C1.84555 26.6973 0.228288 28.819 0 31.2876C0 35.5294 5.73214 38.7203 13.375 38.7203C21.0179 38.7203 26.75 35.5294 26.75 31.2876C26.5428 28.7976 24.9219 26.6489 22.5846 25.7656Z\" fill=\"white\"><\/path><path fill-rule=\"evenodd\" clip-rule=\"evenodd\" d=\"M11.9376 32.1286V23.8743C5.64542 23.1162 1.03225 17.5887 1.41198 11.2624C1.79171 4.93607 7.03295 0 13.3706 0C19.7083 0 24.9496 4.93607 25.3293 11.2624C25.709 17.5887 21.0959 23.1162 14.8037 23.8743V32.1286C14.8037 32.9201 14.1621 33.5617 13.3706 33.5617C12.5792 33.5617 11.9376 32.9201 11.9376 32.1286ZM21.8251 8.48605C20.4066 5.07147 17.0692 2.84907 13.3717 2.8568C8.34246 2.86731 4.26808 6.94169 4.25757 11.9709C4.24985 15.6684 6.47224 19.0058 9.88682 20.4243C13.3014 21.8429 17.2344 21.0627 19.8489 18.4482C22.4635 15.8336 23.2436 11.9006 21.8251 8.48605Z\" fill=\"white\"><\/path><path d=\"M8.76656 14.0913C9.558 14.0913 10.1996 13.4497 10.1996 12.6582C10.1996 10.4633 11.9789 8.68394 14.1739 8.68394C14.9653 8.68394 15.6069 8.04235 15.6069 7.25091C15.6069 6.45946 14.9653 5.81787 14.1739 5.81787C12.3546 5.82293 10.6119 6.55048 9.32909 7.84046C8.04628 9.13045 7.32845 10.8772 7.33352 12.6964C7.33856 13.0714 7.49237 13.4291 7.76113 13.6907C8.02988 13.9523 8.39155 14.0964 8.76656 14.0913Z\" fill=\"white\"><\/path><\/svg>        \n                <\/div>\n            \n                <div class=\"etheme-icon-box-content\">\n\t\t\n                                        \n                                            <h3 class=\"etheme-icon-box-title\">\n                            <span>Adres:<\/span>\n                        <\/h3>\n                    \t\t\n                                            <p class=\"etheme-icon-box-description\">\n                            G\u00f6ztepe, Fahrettin Kerim G\u00f6kay Cd <br>No:262, 34720 Kad\u0131k\u00f6y\/\u0130stanbul                        <\/p>\n                    \n                            <a href=\"https:\/\/www.google.com\/maps\/place\/FD+Sanat+Merkezi\/@40.980129,29.07281,15z\/data=!4m6!3m5!1s0x14cac6ff0c603c2b:0x119c3c43088e3ba4!8m2!3d40.980129!4d29.07281!16s%2Fg%2F11c6032f_j?hl=tr&#038;entry=ttu&#038;g_ep=EgoyMDI2MDIxOC4wIKXMDSoASAFQAw%3D%3D\" class=\"elementor-button-link elementor-button\" role=\"button\">\n                \n                    \n                <span class=\"button-text\">adrese git<\/span>\n                \n                    \n            <\/a>\n                    \n                <\/div>\n\t\t\t<\/div>\n\t\t\t\t\t\t<\/div>\n\t\t\t\t<\/div>\n\t\t\t\t\t<\/div>\n\t\t\t\t<\/div>\n\t\t\t\t<\/div>\n\t\t<div class=\"elementor-element elementor-element-4dcad4b e-flex e-con-boxed e-con e-parent\" data-id=\"4dcad4b\" data-element_type=\"container\" data-e-type=\"container\">\n\t\t\t\t\t<div class=\"e-con-inner\">\n\t\t\t\t<div class=\"elementor-element elementor-element-ec41b71 fluent-form-widget-step-header-yes fluent-form-widget-step-progressbar-yes fluentform-widget-submit-button-custom elementor-widget elementor-widget-fluent-form-widget\" data-id=\"ec41b71\" data-element_type=\"widget\" data-e-type=\"widget\" data-widget_type=\"fluent-form-widget.default\">\n\t\t\t\t<div class=\"elementor-widget-container\">\n\t\t\t\t\t\n            <div class=\"fluentform-widget-wrapper fluentform-widget-align-default\">\n\n            \n            <div class='fluentform ff-default fluentform_wrapper_9 ffs_default_wrap'><form data-form_id=\"9\" id=\"fluentform_9\" class=\"frm-fluent-form fluent_form_9 ff-el-form-top ff_form_instance_9_1 ff-form-loading ffs_default\" data-form_instance=\"ff_form_instance_9_1\" method=\"POST\" ><fieldset  style=\"border: none!important;margin: 0!important;padding: 0!important;background-color: transparent!important;box-shadow: none!important;outline: none!important; min-inline-size: 100%;\">\n                    <legend class=\"ff_screen_reader_title\" style=\"display: block; margin: 0!important;padding: 0!important;height: 0!important;text-indent: -999999px;width: 0!important;overflow:hidden;\">\u0130leti\u015fim kural\u0131m<\/legend><input type='hidden' name='__fluent_form_embded_post_id' value='69' \/><input type=\"hidden\" id=\"_fluentform_9_fluentformnonce\" name=\"_fluentform_9_fluentformnonce\" value=\"92145fdfc7\" \/><input type=\"hidden\" name=\"_wp_http_referer\" value=\"\/index.php?rest_route=%2Fwp%2Fv2%2Fpages%2F69\" \/><div class='ff-el-group'><div class=\"ff-el-input--label ff-el-is-required asterisk-right\"><label for='ff_9_your-name' id='label_ff_9_your-name' >Ad\u0131n\u0131z<\/label><\/div><div class='ff-el-input--content'><input type=\"text\" name=\"your-name\" class=\"ff-el-form-control\" id=\"ff_9_your-name\" data-name=\"your-name\"  aria-invalid=\"false\" aria-required=true><\/div><\/div><div class='ff-el-group'><div class=\"ff-el-input--label ff-el-is-required asterisk-right\"><label for='ff_9_your-email' id='label_ff_9_your-email' aria-label=\"E-posta adresiniz\">E-posta adresiniz<\/label><\/div><div class='ff-el-input--content'><input type=\"email\" name=\"your-email\" class=\"ff-el-form-control\" id=\"ff_9_your-email\" data-name=\"your-email\"  aria-invalid=\"false\" aria-required=true><\/div><\/div><div class='ff-el-group'><div class=\"ff-el-input--label ff-el-is-required asterisk-right\"><label for='ff_9_your-subject' id='label_ff_9_your-subject' aria-label=\"Konu\">Konu<\/label><\/div><div class='ff-el-input--content'><input type=\"text\" name=\"your-subject\" class=\"ff-el-form-control\" id=\"ff_9_your-subject\" data-name=\"your-subject\"  aria-invalid=\"false\" aria-required=true><\/div><\/div><div class='ff-el-group'><div class=\"ff-el-input--label asterisk-right\"><label for='ff_9_phone' id='label_ff_9_phone' aria-label=\"Telefon\">Telefon<\/label><\/div><div class='ff-el-input--content'><input name=\"phone\" class=\"ff-el-form-control ff-el-phone ff_el_with_extended_validation\" type=\"tel\" placeholder=\"Mobile Number\" data-name=\"phone\" id=\"ff_9_phone\" inputmode=\"tel\"  aria-invalid='false' aria-required=false><\/div><\/div><div class='ff-el-group'><div class=\"ff-el-input--label asterisk-right\"><label for='ff_9_your-message' id='label_ff_9_your-message' aria-label=\"\u0130letiniz (tercihe ba\u011fl\u0131)\">\u0130letiniz (tercihe ba\u011fl\u0131)<\/label><\/div><div class='ff-el-input--content'><textarea aria-required=\"false\" aria-labelledby=\"label_ff_9_your-message\" name=\"your-message\" class=\"ff-el-form-control\" id=\"ff_9_your-message\" cols=\"2\" data-name=\"your-message\" ><\/textarea><\/div><\/div><div class='ff-el-group ff-text-left ff_submit_btn_wrapper'><button type=\"submit\" class=\"ff-btn ff-btn-submit ff-btn-md ff_btn_style\"  aria-label=\"G\u00f6nder\">G\u00f6nder<\/button><\/div><\/fieldset><\/form><div id='fluentform_9_errors' class='ff-errors-in-stack ff_form_instance_9_1 ff-form-loading_errors ff_form_instance_9_1_errors'><\/div><\/div>            <script type=\"text\/javascript\">\n                window.fluent_form_ff_form_instance_9_1 = {\"id\":\"9\",\"settings\":{\"layout\":{\"labelPlacement\":\"top\",\"asteriskPlacement\":\"asterisk-right\",\"helpMessagePlacement\":\"with_label\",\"errorMessagePlacement\":\"inline\",\"cssClassName\":\"\"},\"restrictions\":{\"denyEmptySubmission\":{\"enabled\":false}}},\"form_instance\":\"ff_form_instance_9_1\",\"form_id_selector\":\"fluentform_9\",\"rules\":{\"your-name\":{\"required\":{\"value\":true,\"message\":\"This field is required\",\"global\":false,\"global_message\":\"This field is required\"}},\"your-email\":{\"required\":{\"value\":true,\"message\":\"This field is required\",\"global\":false,\"global_message\":\"This field is required\"},\"email\":{\"value\":1,\"message\":\"This field must contain a valid email\",\"global\":false,\"global_message\":\"This field must contain a valid email\"}},\"your-subject\":{\"required\":{\"value\":true,\"message\":\"This field is required\",\"global\":false,\"global_message\":\"This field is required\"}},\"phone\":{\"required\":{\"value\":false,\"global\":true,\"message\":\"This field is required\",\"global_message\":\"This field is required\"},\"valid_phone_number\":{\"value\":true,\"global\":true,\"message\":\"Phone number is not valid\",\"global_message\":\"Phone number is not valid\"}},\"your-message\":{\"required\":{\"value\":false,\"message\":\"This field is required\",\"global\":false,\"global_message\":\"This field is required\"}}},\"debounce_time\":300};\n                            <\/script>\n                        <\/div>\n\n            \t\t\t\t<\/div>\n\t\t\t\t<\/div>\n\t\t\t\t\t<\/div>\n\t\t\t\t<\/div>\n\t\t\t\t<\/div>\n\t\t","protected":false},"excerpt":{"rendered":"<p>&#8230;<\/p>\n","protected":false},"author":1,"featured_media":0,"parent":0,"menu_order":0,"comment_status":"closed","ping_status":"closed","template":"elementor_header_footer","meta":{"footnotes":""},"class_list":["post-69","page","type-page","status-publish","hentry"],"jetpack_sharing_enabled":true,"_links":{"self":[{"href":"https:\/\/dev.fdartgallery.com\/index.php?rest_route=\/wp\/v2\/pages\/69","targetHints":{"allow":["GET"]}}],"collection":[{"href":"https:\/\/dev.fdartgallery.com\/index.php?rest_route=\/wp\/v2\/pages"}],"about":[{"href":"https:\/\/dev.fdartgallery.com\/index.php?rest_route=\/wp\/v2\/types\/page"}],"author":[{"embeddable":true,"href":"https:\/\/dev.fdartgallery.com\/index.php?rest_route=\/wp\/v2\/users\/1"}],"replies":[{"embeddable":true,"href":"https:\/\/dev.fdartgallery.com\/index.php?rest_route=%2Fwp%2Fv2%2Fcomments&post=69"}],"version-history":[{"count":30,"href":"https:\/\/dev.fdartgallery.com\/index.php?rest_route=\/wp\/v2\/pages\/69\/revisions"}],"predecessor-version":[{"id":2256,"href":"https:\/\/dev.fdartgallery.com\/index.php?rest_route=\/wp\/v2\/pages\/69\/revisions\/2256"}],"wp:attachment":[{"href":"https:\/\/dev.fdartgallery.com\/index.php?rest_route=%2Fwp%2Fv2%2Fmedia&parent=69"}],"curies":[{"name":"wp","href":"https:\/\/api.w.org\/{rel}","templated":true}]}}