{"id":2237,"date":"2026-02-23T22:32:53","date_gmt":"2026-02-23T22:32:53","guid":{"rendered":"https:\/\/fdartgallery.com\/?page_id=2237"},"modified":"2026-02-26T08:57:30","modified_gmt":"2026-02-26T08:57:30","slug":"heykel-workshop-satin-al","status":"publish","type":"page","link":"https:\/\/dev.fdartgallery.com\/?page_id=2237","title":{"rendered":"Heykel workshop sat\u0131n al"},"content":{"rendered":"\t\t<div data-elementor-type=\"wp-page\" data-elementor-id=\"2237\" class=\"elementor elementor-2237\" data-elementor-post-type=\"page\">\n\t\t\t\t<div class=\"elementor-element elementor-element-eac38ae e-flex e-con-boxed e-con e-parent\" data-id=\"eac38ae\" data-element_type=\"container\" data-e-type=\"container\">\n\t\t\t\t\t<div class=\"e-con-inner\">\n\t\t\t\t<div class=\"elementor-element elementor-element-0b59a52 elementor-widget elementor-widget-text-editor\" data-id=\"0b59a52\" data-element_type=\"widget\" data-e-type=\"widget\" data-widget_type=\"text-editor.default\">\n\t\t\t\t\t\t\t\t\t<div class=\"elementor-element elementor-element-5b8593c e-flex e-con-boxed e-con e-parent e-lazyloaded\" data-id=\"5b8593c\" data-element_type=\"container\" data-e-type=\"container\">\n<p class=\"p1\"><img fetchpriority=\"high\" decoding=\"async\" class=\"wp-image-2397 alignleft\" src=\"https:\/\/dev.fdartgallery.com\/wp-content\/uploads\/2026\/02\/fdsanat-heykel-workshop8-768x1024.jpg\" alt=\"\" width=\"500\" height=\"667\" srcset=\"https:\/\/dev.fdartgallery.com\/wp-content\/uploads\/2026\/02\/fdsanat-heykel-workshop8-768x1024.jpg 768w, https:\/\/dev.fdartgallery.com\/wp-content\/uploads\/2026\/02\/fdsanat-heykel-workshop8-225x300.jpg 225w, https:\/\/dev.fdartgallery.com\/wp-content\/uploads\/2026\/02\/fdsanat-heykel-workshop8-1152x1536.jpg 1152w, https:\/\/dev.fdartgallery.com\/wp-content\/uploads\/2026\/02\/fdsanat-heykel-workshop8-1536x2048.jpg 1536w, https:\/\/dev.fdartgallery.com\/wp-content\/uploads\/2026\/02\/fdsanat-heykel-workshop8-600x800.jpg 600w, https:\/\/dev.fdartgallery.com\/wp-content\/uploads\/2026\/02\/fdsanat-heykel-workshop8-300x400.jpg 300w, https:\/\/dev.fdartgallery.com\/wp-content\/uploads\/2026\/02\/fdsanat-heykel-workshop8-8x10.jpg 8w, https:\/\/dev.fdartgallery.com\/wp-content\/uploads\/2026\/02\/fdsanat-heykel-workshop8-scaled.jpg 1920w\" sizes=\"(max-width: 500px) 100vw, 500px\" \/>FD Sanat Merkezi Heykel workshoplar\u0131nda her kat\u0131l\u0131mc\u0131 harika bir deneyimle mutlu, de\u015farj olmu\u015f, kafas\u0131n\u0131 bo\u015falm\u0131\u015f ve eli ba\u015far\u0131l\u0131 eseriyle dolu ayr\u0131l\u0131r. Nas\u0131l m\u0131? \u00d6ncelikle seans\u0131 y\u00f6neten heykelt\u0131ra\u015f\u0131m\u0131z s\u00fcre y\u00f6netimi ve i\u015fin en e\u011flenceli k\u0131sm\u0131 sizlere kals\u0131n diye workshop \u00f6ncesi se\u00e7erek geldi\u011finiz konu malzemelerini haz\u0131rlam\u0131\u015f, modelaj kalemleriniz ve \u00f6nl\u00fcklerinizle sizi beklerken, sizler sadece yiyecek ve i\u00e7eceklerinizle belirlenen saatte at\u00f6lyemizde bulunarak ser\u00fcvene ba\u015fl\u0131yorsunuz. Heykelt\u0131ra\u015f\u0131m\u0131z\u0131n detayl\u0131 anlat\u0131m\u0131yla keyifli m\u00fczikler e\u015fli\u011finde a\u015famaland\u0131rarak ad\u0131m ad\u0131m y\u00f6nlendirmesi ile kendi yorumlar\u0131n\u0131z\u0131 da katarak keyifli sohbetler e\u015fli\u011finde \u00e7al\u0131\u015fmalar\u0131n\u0131z\u0131 tamaml\u0131yorsuz. Bu etkinlikte kat\u0131l\u0131mc\u0131lar\u0131m\u0131z yarat\u0131c\u0131l\u0131klar\u0131n\u0131 kullanarak kile \u015fekil verirken bir yandan da \u00e7amurla terapi tad\u0131nda rahatlama ile unutamayacaklar\u0131 bir deneyim ya\u015far. Yetenekli ya da deneyimli olmaya gerek yok. Bu harika deneyimde \u00f6nemli olan keyif almak ve sosyalle\u015ferek g\u00fczel vakit ge\u00e7irmek. Etkinlik sonras\u0131 final foto\u011fraflar\u0131 ile her bir kat\u0131l\u0131mc\u0131n\u0131n kendi elleri ile yapt\u0131\u011f\u0131 eseri sergilenmeye hatta kulland\u0131\u011f\u0131m\u0131z \u00f6zel kil sayesinde f\u0131r\u0131nlanmaya ihtiya\u00e7 duymadan havayla teneff\u00fcs ederek 1 hafta i\u00e7inde kuruyaca\u011f\u0131ndan renklendirilerek ev veya ofisinizde kullan\u0131lmaya haz\u0131r olacak. Keyifli bir heykel at\u00f6lyesi deneyimine haz\u0131r olun!\n<p class=\"p1\"><b>NOTLAR<\/b><\/p>\n<p class=\"p1\">Etkinlik S\u00fcresi: 2 &#8211; 3 saat civar\u0131 olup, dilerseniz bizim at\u00f6lyelerimizde dilerseniz \u015firketinizde dilerseniz de bamba\u015fka yerlerde planlayabilirsiniz. Etkinli\u011fe kat\u0131l\u0131m say\u0131s\u0131 sanat merkezimizde ise 18 ki\u015fi ile, sizin belirledi\u011finiz bir alanda (\u015firket vb.) olacaksa s\u0131n\u0131rs\u0131z say\u0131da olabilir.<\/p>\n<\/p>\n<div class=\"e-con-inner\">\n<div class=\"elementor-element elementor-element-44c3281 elementor-widget elementor-widget-text-editor\" data-id=\"44c3281\" data-element_type=\"widget\" data-e-type=\"widget\" data-widget_type=\"text-editor.default\">\n\nHeykel workshop i\u00e7in formu doldurunuz. G\u00fcn ve saat se\u00e7imi bir sonraki sayfadad\u0131r.\n\n<\/div>\n<\/div>\n<\/div>\n<div class=\"elementor-element elementor-element-7fe02c4 e-flex e-con-boxed e-con e-parent e-lazyloaded\" data-id=\"7fe02c4\" data-element_type=\"container\" data-e-type=\"container\">\n<div class=\"e-con-inner\">\n<div class=\"elementor-element elementor-element-cdfa8a3 fluent-form-widget-step-header-yes fluent-form-widget-step-progressbar-yes fluentform-widget-submit-button-custom elementor-widget elementor-widget-fluent-form-widget\" data-id=\"cdfa8a3\" data-element_type=\"widget\" data-e-type=\"widget\" data-widget_type=\"fluent-form-widget.default\">\n<div class=\"elementor-widget-container\">\n<div class=\"fluentform-widget-wrapper fluentform-widget-align-default\">\n<div class=\"fluentform ff-default fluentform_wrapper_12 ffs_default_wrap\"><\/div>\n<\/div>\n<\/div>\n<\/div>\n<\/div>\n<\/div>\t\t\t\t\t\t\t\t<\/div>\n\t\t\t\t\t<\/div>\n\t\t\t\t<\/div>\n\t\t<div class=\"elementor-element elementor-element-5e94c1c e-flex e-con-boxed e-con e-parent\" data-id=\"5e94c1c\" data-element_type=\"container\" data-e-type=\"container\">\n\t\t\t\t\t<div class=\"e-con-inner\">\n\t\t\t\t<div class=\"elementor-element elementor-element-a32b20b fluent-form-widget-step-header-yes fluent-form-widget-step-progressbar-yes fluentform-widget-submit-button-custom elementor-widget elementor-widget-fluent-form-widget\" data-id=\"a32b20b\" data-element_type=\"widget\" data-e-type=\"widget\" data-widget_type=\"fluent-form-widget.default\">\n\t\t\t\t<div class=\"elementor-widget-container\">\n\t\t\t\t\t\n            <div class=\"fluentform-widget-wrapper fluentform-widget-align-default\">\n\n            \n            <div class='fluentform ff-default fluentform_wrapper_15 ffs_default_wrap'><form data-form_id=\"15\" id=\"fluentform_15\" class=\"frm-fluent-form fluent_form_15 ff-el-form-top ff_form_instance_15_1 ff-form-loading ffs_default\" data-form_instance=\"ff_form_instance_15_1\" method=\"POST\" ><fieldset  style=\"border: none!important;margin: 0!important;padding: 0!important;background-color: transparent!important;box-shadow: none!important;outline: none!important; min-inline-size: 100%;\">\n                    <legend class=\"ff_screen_reader_title\" style=\"display: block; margin: 0!important;padding: 0!important;height: 0!important;text-indent: -999999px;width: 0!important;overflow:hidden;\">Heykel Workshop talep formu<\/legend><input type='hidden' name='__fluent_form_embded_post_id' value='2237' \/><input type=\"hidden\" id=\"_fluentform_15_fluentformnonce\" name=\"_fluentform_15_fluentformnonce\" value=\"92145fdfc7\" \/><input type=\"hidden\" name=\"_wp_http_referer\" value=\"\/index.php?rest_route=%2Fwp%2Fv2%2Fpages%2F2237\" \/><div class='ff-el-group'><div class=\"ff-el-input--label ff-el-is-required asterisk-right\"><label for='ff_15_your-name' id='label_ff_15_your-name' >Ad\u0131n\u0131z soyad\u0131m\u0131z<\/label><\/div><div class='ff-el-input--content'><input type=\"text\" name=\"your-name\" class=\"ff-el-form-control\" id=\"ff_15_your-name\" data-name=\"your-name\"  aria-invalid=\"false\" aria-required=true><\/div><\/div><div class='ff-el-group'><div class=\"ff-el-input--label ff-el-is-required asterisk-right\"><label for='ff_15_your-email' id='label_ff_15_your-email' aria-label=\"Email adresi\">Email adresi<\/label><\/div><div class='ff-el-input--content'><input type=\"email\" name=\"your-email\" class=\"ff-el-form-control\" id=\"ff_15_your-email\" data-name=\"your-email\"  aria-invalid=\"false\" aria-required=true><\/div><\/div><div class='ff-el-group'><div class=\"ff-el-input--label asterisk-right\"><label for='ff_15_firmayadagrupadi' id='label_ff_15_firmayadagrupadi' aria-label=\"Varsa Grup ya da firma ad\u0131\">Varsa Grup ya da firma ad\u0131<\/label><\/div><div class='ff-el-input--content'><input type=\"text\" name=\"firmayadagrupadi\" class=\"ff-el-form-control\" id=\"ff_15_firmayadagrupadi\" data-name=\"firmayadagrupadi\"  aria-invalid=\"false\" aria-required=false><\/div><\/div><div class='ff-el-group'><div class=\"ff-el-input--label ff-el-is-required asterisk-right\"><label for='ff_15_sayiniz' id='label_ff_15_sayiniz' aria-label=\"Kat\u0131l\u0131mc\u0131 say\u0131n\u0131z\">Kat\u0131l\u0131mc\u0131 say\u0131n\u0131z<\/label><\/div><div class='ff-el-input--content'><input type=\"number\" name=\"sayiniz\" id=\"ff_15_sayiniz\" class=\"ff-el-form-control\" data-name=\"sayiniz\" inputmode=\"numeric\" step=\"any\"  aria-invalid=\"false\" aria-required=true><\/div><\/div><div class='ff-el-group'><div class=\"ff-el-input--label ff-el-is-required asterisk-right\"><label for='ff_15_phone' id='label_ff_15_phone' aria-label=\"Phone\/Mobile\">Phone\/Mobile<\/label><\/div><div class='ff-el-input--content'><input name=\"phone\" class=\"ff-el-form-control ff-el-phone ff_el_with_extended_validation\" type=\"tel\" placeholder=\"Mobile Number\" data-name=\"phone\" id=\"ff_15_phone\" inputmode=\"tel\"  aria-invalid='false' aria-required=true><\/div><\/div><div class='ff-el-group'><div class=\"ff-el-input--label asterisk-right\"><label for='ff_15_datetime' id='label_ff_15_datetime' aria-label=\"G\u00fcn se\u00e7iniz. ( Ak\u015fam 18:00 de ba\u015flar)\">G\u00fcn se\u00e7iniz. ( Ak\u015fam 18:00 de ba\u015flar)<\/label><\/div><div class='ff-el-input--content'><input  aria-label='G\u00fcn se\u00e7iniz. ( Ak\u015fam 18:00 de ba\u015flar) Use arrow keys to navigate dates. Press enter to select a date.'  aria-haspopup='dialog' data-type-datepicker data-format='d\/m\/Y' type=\"text\" name=\"datetime\" id=\"ff_15_datetime\" class=\"ff-el-form-control ff-el-datepicker\" data-name=\"datetime\"  aria-invalid='false' aria-required=false><\/div><\/div><div class='ff-el-group'><div class=\"ff-el-input--label asterisk-right\"><label for='ff_15_your-message' id='label_ff_15_your-message' aria-label=\"Notunuz (optional)\">Notunuz (optional)<\/label><\/div><div class='ff-el-input--content'><textarea aria-required=\"false\" aria-labelledby=\"label_ff_15_your-message\" name=\"your-message\" class=\"ff-el-form-control\" id=\"ff_15_your-message\" cols=\"2\" data-name=\"your-message\" ><\/textarea><\/div><\/div><div class='ff-el-group ff-text-left ff_submit_btn_wrapper'><button type=\"submit\" class=\"ff-btn ff-btn-submit ff-btn-md ff_btn_style\"  aria-label=\"Sat\u0131n almak i\u00e7in devam et&gt;&gt;\">Sat\u0131n almak i\u00e7in devam et&gt;&gt;<\/button><\/div><\/fieldset><\/form><div id='fluentform_15_errors' class='ff-errors-in-stack ff_form_instance_15_1 ff-form-loading_errors ff_form_instance_15_1_errors'><\/div><\/div>            <script type=\"text\/javascript\">\n                window.fluent_form_ff_form_instance_15_1 = {\"id\":\"15\",\"settings\":{\"layout\":{\"labelPlacement\":\"top\",\"asteriskPlacement\":\"asterisk-right\",\"helpMessagePlacement\":\"with_label\",\"errorMessagePlacement\":\"inline\",\"cssClassName\":\"\"},\"restrictions\":{\"denyEmptySubmission\":{\"enabled\":false}}},\"form_instance\":\"ff_form_instance_15_1\",\"form_id_selector\":\"fluentform_15\",\"rules\":{\"your-name\":{\"required\":{\"value\":true,\"message\":\"This field is required\",\"global\":false,\"global_message\":\"This field is required\"}},\"your-email\":{\"required\":{\"value\":true,\"message\":\"This field is required\",\"global\":false,\"global_message\":\"This field is required\"},\"email\":{\"value\":1,\"message\":\"This field must contain a valid email\",\"global\":false,\"global_message\":\"This field must contain a valid email\"}},\"firmayadagrupadi\":{\"required\":{\"value\":false,\"message\":\"This field is required\",\"global\":false,\"global_message\":\"This field is required\"}},\"sayiniz\":{\"required\":{\"value\":true,\"message\":\"This field is required\",\"global\":false,\"global_message\":\"This field is required\"},\"numeric\":{\"value\":true,\"message\":\"This field must contain numeric value\",\"global\":false,\"global_message\":\"This field must contain numeric value\"},\"min\":{\"value\":\"\",\"message\":\"Minimum value is \",\"global\":false,\"global_message\":\"Validation fails for minimum value\"},\"max\":{\"value\":\"\",\"message\":\"Maximum value is \",\"global\":false,\"global_message\":\"Validation fails for maximum value\"}},\"phone\":{\"required\":{\"value\":true,\"global\":true,\"message\":\"This field is required\",\"global_message\":\"This field is required\"},\"valid_phone_number\":{\"value\":true,\"global\":true,\"message\":\"Phone number is not valid\",\"global_message\":\"Phone number is not valid\"}},\"datetime\":{\"required\":{\"value\":false,\"message\":\"This field is required\",\"global_message\":\"This field is required\",\"global\":true}},\"your-message\":{\"required\":{\"value\":false,\"message\":\"This field is required\",\"global\":false,\"global_message\":\"This field is required\"}}},\"debounce_time\":300};\n                            <\/script>\n                        <\/div>\n\n            \t\t\t\t<\/div>\n\t\t\t\t<\/div>\n\t\t\t\t\t<\/div>\n\t\t\t\t<\/div>\n\t\t\t\t<\/div>\n\t\t","protected":false},"excerpt":{"rendered":"<p>&#8230;<\/p>\n","protected":false},"author":1,"featured_media":0,"parent":0,"menu_order":0,"comment_status":"closed","ping_status":"closed","template":"","meta":{"footnotes":""},"class_list":["post-2237","page","type-page","status-publish","hentry"],"jetpack_sharing_enabled":true,"_links":{"self":[{"href":"https:\/\/dev.fdartgallery.com\/index.php?rest_route=\/wp\/v2\/pages\/2237","targetHints":{"allow":["GET"]}}],"collection":[{"href":"https:\/\/dev.fdartgallery.com\/index.php?rest_route=\/wp\/v2\/pages"}],"about":[{"href":"https:\/\/dev.fdartgallery.com\/index.php?rest_route=\/wp\/v2\/types\/page"}],"author":[{"embeddable":true,"href":"https:\/\/dev.fdartgallery.com\/index.php?rest_route=\/wp\/v2\/users\/1"}],"replies":[{"embeddable":true,"href":"https:\/\/dev.fdartgallery.com\/index.php?rest_route=%2Fwp%2Fv2%2Fcomments&post=2237"}],"version-history":[{"count":7,"href":"https:\/\/dev.fdartgallery.com\/index.php?rest_route=\/wp\/v2\/pages\/2237\/revisions"}],"predecessor-version":[{"id":2400,"href":"https:\/\/dev.fdartgallery.com\/index.php?rest_route=\/wp\/v2\/pages\/2237\/revisions\/2400"}],"wp:attachment":[{"href":"https:\/\/dev.fdartgallery.com\/index.php?rest_route=%2Fwp%2Fv2%2Fmedia&parent=2237"}],"curies":[{"name":"wp","href":"https:\/\/api.w.org\/{rel}","templated":true}]}}